{"id":4847,"date":"2024-12-10T17:07:35","date_gmt":"2024-12-11T01:07:35","guid":{"rendered":"https:\/\/valleyviewcasino.com\/acerca-de\/"},"modified":"2025-06-27T12:56:38","modified_gmt":"2025-06-27T19:56:38","slug":"acerca-de","status":"publish","type":"page","link":"https:\/\/valleyviewcasino.com\/es\/acerca-de\/","title":{"rendered":"Acerca De"},"content":{"rendered":"\t\t<div data-elementor-type=\"wp-page\" data-elementor-id=\"4847\" class=\"elementor elementor-4847 elementor-240\" data-elementor-post-type=\"page\">\n\t\t\t\t<div class=\"elementor-element elementor-element-8c0cdf7 e-con-full e-flex elementor-invisible e-con e-child\" data-id=\"8c0cdf7\" data-element_type=\"container\" data-settings=\"{&quot;animation&quot;:&quot;fadeInLeft&quot;}\">\n\t\t<div class=\"elementor-element elementor-element-a7921d0 e-flex e-con-boxed e-con e-child\" data-id=\"a7921d0\" data-element_type=\"container\" data-settings=\"{&quot;animation&quot;:&quot;none&quot;}\">\n\t\t\t\t\t<div class=\"e-con-inner\">\n\t\t<div class=\"elementor-element elementor-element-7c957ca e-con-full e-flex elementor-invisible e-con e-child\" data-id=\"7c957ca\" data-element_type=\"container\" data-settings=\"{&quot;animation&quot;:&quot;fadeInLeft&quot;,&quot;animation_tablet&quot;:&quot;fadeIn&quot;}\">\n\t\t\t\t<div class=\"elementor-element elementor-element-e7fd367 elementor-widget elementor-widget-heading\" data-id=\"e7fd367\" data-element_type=\"widget\" data-widget_type=\"heading.default\">\n\t\t\t\t<div class=\"elementor-widget-container\">\n\t\t\t\t\t<h2 class=\"elementor-heading-title elementor-size-default\">Acerca de Valley View Casino &amp; Hotel<\/h2>\t\t\t\t<\/div>\n\t\t\t\t<\/div>\n\t\t\t\t<div class=\"elementor-element elementor-element-a836a66 elementor-widget elementor-widget-text-editor\" data-id=\"a836a66\" data-element_type=\"widget\" data-widget_type=\"text-editor.default\">\n\t\t\t\t<div class=\"elementor-widget-container\">\n\t\t\t\t\t\t\t\t\t<p>Entre por nuestras puertas y prep\u00e1rese para alejarse de la rutina y entrar en un apasionante mundo de sofisticaci\u00f3n, euforia y diversi\u00f3n. Valley View Casino &amp; Hotel, el principal destino de juegos del sur de California, combina la emoci\u00f3n de m\u00e1s de 2,000 <a href=\"https:\/\/valleyviewcasino.com\/casino\/slots\/\">m\u00e1quinas tragamonedas<\/a> y todos <a href=\"https:\/\/valleyviewcasino.com\/casino\/table-games\/\">sus juegos de mesa<\/a> favoritos con hermosas habitaciones <a href=\"https:\/\/valleyviewcasino.com\/hotel\/rooms\/luxury-suites\/\">de hotel de lujo<\/a>, seis excelentes restaurantes y un servicio al cliente inigualable. Esc\u00e1pese de lo ordinario y disfrute de lo mejor que tenemos para ofrecer como uno de los mejores casinos del sur de California, que incluye <a href=\"https:\/\/valleyviewcasino.com\/casino\/entertainment-calendar\/\">entretenimiento<\/a> gratuito todas las noches, vistas espectaculares, comidas preparadas por expertos, comodidades de primera clase y mucho m\u00e1s.  <\/p>\n\nTodos los hu\u00e9spedes mayores de 21 a\u00f1os est\u00e1n invitados a disfrutar del <a href=\"https:\/\/valleyviewcasino.com\/casino\/\">casino<\/a>, el <a href=\"https:\/\/valleyviewcasino.com\/hotel\/\">hotel<\/a> y los <a href=\"https:\/\/valleyviewcasino.com\/dining\/\">restaurantes<\/a>.\n\n<p>Para obtener m\u00e1s informaci\u00f3n sobre Valley View Casino &amp; Hotel, ll\u00e1menos al <a href=\"tel:760-291-5500\">760-291-5500<\/a>.<\/p>\t\t\t\t\t\t\t\t<\/div>\n\t\t\t\t<\/div>\n\t\t\t\t<\/div>\n\t\t\t\t\t<\/div>\n\t\t\t\t<\/div>\n\t\t\t\t<\/div>\n\t\t<div class=\"elementor-element elementor-element-2e70f20 e-flex e-con-boxed e-con e-parent\" data-id=\"2e70f20\" data-element_type=\"container\">\n\t\t\t\t\t<div class=\"e-con-inner\">\n\t\t<div class=\"elementor-element elementor-element-9140322 e-con-full e-flex e-con e-child\" data-id=\"9140322\" data-element_type=\"container\">\n\t\t<div class=\"elementor-element elementor-element-d8ae84c e-con-full e-flex elementor-invisible e-con e-child\" data-id=\"d8ae84c\" data-element_type=\"container\" data-settings=\"{&quot;animation&quot;:&quot;fadeInLeft&quot;,&quot;animation_tablet&quot;:&quot;fadeIn&quot;}\">\n\t\t<div class=\"elementor-element elementor-element-3aa830e e-con-full e-flex e-con e-child\" data-id=\"3aa830e\" data-element_type=\"container\">\n\t\t\t\t<div class=\"elementor-element elementor-element-3e2f33b elementor-widget__width-initial elementor-widget elementor-widget-image\" data-id=\"3e2f33b\" data-element_type=\"widget\" data-widget_type=\"image.default\">\n\t\t\t\t<div class=\"elementor-widget-container\">\n\t\t\t\t\t\t\t\t\t\t\t\t\t\t\t\t<a href=\"https:\/\/valleyviewcasino.com\/about\/san-pasqual\/\">\n\t\t\t\t\t\t\t<img fetchpriority=\"high\" decoding=\"async\" width=\"500\" height=\"340\" src=\"https:\/\/valleyviewcasino.com\/wp-content\/uploads\/2025\/04\/about-tile-tribe.jpg.webp\" class=\"attachment-large size-large wp-image-4405\" alt=\"\" srcset=\"https:\/\/valleyviewcasino.com\/wp-content\/uploads\/2025\/04\/about-tile-tribe.jpg.webp 500w, https:\/\/valleyviewcasino.com\/wp-content\/uploads\/2025\/04\/about-tile-tribe.jpg-300x204.webp 300w\" sizes=\"(max-width: 500px) 100vw, 500px\" \/>\t\t\t\t\t\t\t\t<\/a>\n\t\t\t\t\t\t\t\t\t\t\t\t\t\t\t<\/div>\n\t\t\t\t<\/div>\n\t\t\t\t<\/div>\n\t\t\t\t<div class=\"elementor-element elementor-element-69de352 elementor-widget__width-initial elementor-widget elementor-widget-heading\" data-id=\"69de352\" data-element_type=\"widget\" data-widget_type=\"heading.default\">\n\t\t\t\t<div class=\"elementor-widget-container\">\n\t\t\t\t\t<h2 class=\"elementor-heading-title elementor-size-default\">San Pasqual Band of Mission Indians<\/h2>\t\t\t\t<\/div>\n\t\t\t\t<\/div>\n\t\t\t\t<div class=\"elementor-element elementor-element-598b69e elementor-widget elementor-widget-text-editor\" data-id=\"598b69e\" data-element_type=\"widget\" data-widget_type=\"text-editor.default\">\n\t\t\t\t<div class=\"elementor-widget-container\">\n\t\t\t\t\t\t\t\t\tValley View Casino &amp; Hotel ha sido una visi\u00f3n de San Pasqual Band of Mission Indians durante muchos a\u00f1os y la gran inauguraci\u00f3n el 18 de abril de 2001 marc\u00f3 un hito en la historia de la tribu.\t\t\t\t\t\t\t\t<\/div>\n\t\t\t\t<\/div>\n\t\t\t\t<div class=\"elementor-element elementor-element-43319e1 elementor-align-left elementor-widget__width-initial elementor-widget elementor-widget-button\" data-id=\"43319e1\" data-element_type=\"widget\" data-widget_type=\"button.default\">\n\t\t\t\t<div class=\"elementor-widget-container\">\n\t\t\t\t\t\t\t\t\t<div class=\"elementor-button-wrapper\">\n\t\t\t\t\t<a class=\"elementor-button elementor-button-link elementor-size-sm\" href=\"https:\/\/valleyviewcasino.com\/es\/acerca-de\/san-pasqual-band\/\">\n\t\t\t\t\t\t<span class=\"elementor-button-content-wrapper\">\n\t\t\t\t\t\t\t\t\t<span class=\"elementor-button-text\">Ver Detalles<\/span>\n\t\t\t\t\t<\/span>\n\t\t\t\t\t<\/a>\n\t\t\t\t<\/div>\n\t\t\t\t\t\t\t\t<\/div>\n\t\t\t\t<\/div>\n\t\t\t\t<\/div>\n\t\t<div class=\"elementor-element elementor-element-613564a e-con-full e-flex elementor-invisible e-con e-child\" data-id=\"613564a\" data-element_type=\"container\" data-settings=\"{&quot;animation&quot;:&quot;fadeInUp&quot;,&quot;animation_tablet&quot;:&quot;fadeIn&quot;}\">\n\t\t<div class=\"elementor-element elementor-element-a4d0233 e-con-full e-flex e-con e-child\" data-id=\"a4d0233\" data-element_type=\"container\">\n\t\t\t\t<div class=\"elementor-element elementor-element-5513232 elementor-widget__width-initial elementor-widget elementor-widget-image\" data-id=\"5513232\" data-element_type=\"widget\" data-widget_type=\"image.default\">\n\t\t\t\t<div class=\"elementor-widget-container\">\n\t\t\t\t\t\t\t\t\t\t\t\t\t\t\t\t<a href=\"https:\/\/valleyviewcasino.com\/about\/faq\/\">\n\t\t\t\t\t\t\t<img decoding=\"async\" width=\"500\" height=\"340\" src=\"https:\/\/valleyviewcasino.com\/wp-content\/uploads\/2025\/04\/about-tile-faq.jpg.webp\" class=\"attachment-large size-large wp-image-4406\" alt=\"\" srcset=\"https:\/\/valleyviewcasino.com\/wp-content\/uploads\/2025\/04\/about-tile-faq.jpg.webp 500w, https:\/\/valleyviewcasino.com\/wp-content\/uploads\/2025\/04\/about-tile-faq.jpg-300x204.webp 300w\" sizes=\"(max-width: 500px) 100vw, 500px\" \/>\t\t\t\t\t\t\t\t<\/a>\n\t\t\t\t\t\t\t\t\t\t\t\t\t\t\t<\/div>\n\t\t\t\t<\/div>\n\t\t\t\t<\/div>\n\t\t\t\t<div class=\"elementor-element elementor-element-12a886c elementor-widget elementor-widget-heading\" data-id=\"12a886c\" data-element_type=\"widget\" data-widget_type=\"heading.default\">\n\t\t\t\t<div class=\"elementor-widget-container\">\n\t\t\t\t\t<h2 class=\"elementor-heading-title elementor-size-default\">Preguntas Frecuentes<\/h2>\t\t\t\t<\/div>\n\t\t\t\t<\/div>\n\t\t\t\t<div class=\"elementor-element elementor-element-b686bf0 elementor-widget elementor-widget-text-editor\" data-id=\"b686bf0\" data-element_type=\"widget\" data-widget_type=\"text-editor.default\">\n\t\t\t\t<div class=\"elementor-widget-container\">\n\t\t\t\t\t\t\t\t\t<p>\u00a1Si tienes preguntas, nosotros tenemos respuestas! Encuentre aqu\u00ed respuestas a algunas de las preguntas m\u00e1s frecuentes. <\/p>\t\t\t\t\t\t\t\t<\/div>\n\t\t\t\t<\/div>\n\t\t\t\t<div class=\"elementor-element elementor-element-5f3c5d3 elementor-align-left elementor-widget__width-initial elementor-widget elementor-widget-button\" data-id=\"5f3c5d3\" data-element_type=\"widget\" data-widget_type=\"button.default\">\n\t\t\t\t<div class=\"elementor-widget-container\">\n\t\t\t\t\t\t\t\t\t<div class=\"elementor-button-wrapper\">\n\t\t\t\t\t<a class=\"elementor-button elementor-button-link elementor-size-sm\" href=\"https:\/\/valleyviewcasino.com\/es\/acerca-de\/preguntas-frecuentes-sobre-el-casino\/\">\n\t\t\t\t\t\t<span class=\"elementor-button-content-wrapper\">\n\t\t\t\t\t\t\t\t\t<span class=\"elementor-button-text\">Ver Detalles<\/span>\n\t\t\t\t\t<\/span>\n\t\t\t\t\t<\/a>\n\t\t\t\t<\/div>\n\t\t\t\t\t\t\t\t<\/div>\n\t\t\t\t<\/div>\n\t\t\t\t<\/div>\n\t\t<div class=\"elementor-element elementor-element-e1a63c8 e-con-full e-flex elementor-invisible e-con e-child\" data-id=\"e1a63c8\" data-element_type=\"container\" data-settings=\"{&quot;animation&quot;:&quot;fadeInRight&quot;,&quot;animation_tablet&quot;:&quot;fadeIn&quot;}\">\n\t\t<div class=\"elementor-element elementor-element-c574412 e-con-full e-flex e-con e-child\" data-id=\"c574412\" data-element_type=\"container\">\n\t\t\t\t<div class=\"elementor-element elementor-element-0be3245 elementor-widget elementor-widget-image\" data-id=\"0be3245\" data-element_type=\"widget\" data-widget_type=\"image.default\">\n\t\t\t\t<div class=\"elementor-widget-container\">\n\t\t\t\t\t\t\t\t\t\t\t\t\t\t\t\t<a href=\"https:\/\/valleyviewcasino.com\/about\/careers\/\">\n\t\t\t\t\t\t\t<img decoding=\"async\" width=\"500\" height=\"340\" src=\"https:\/\/valleyviewcasino.com\/wp-content\/uploads\/2025\/04\/about-tile-careers.jpg.webp\" class=\"attachment-large size-large wp-image-4407\" alt=\"\" srcset=\"https:\/\/valleyviewcasino.com\/wp-content\/uploads\/2025\/04\/about-tile-careers.jpg.webp 500w, https:\/\/valleyviewcasino.com\/wp-content\/uploads\/2025\/04\/about-tile-careers.jpg-300x204.webp 300w\" sizes=\"(max-width: 500px) 100vw, 500px\" \/>\t\t\t\t\t\t\t\t<\/a>\n\t\t\t\t\t\t\t\t\t\t\t\t\t\t\t<\/div>\n\t\t\t\t<\/div>\n\t\t\t\t<\/div>\n\t\t\t\t<div class=\"elementor-element elementor-element-8959746 elementor-widget elementor-widget-heading\" data-id=\"8959746\" data-element_type=\"widget\" data-widget_type=\"heading.default\">\n\t\t\t\t<div class=\"elementor-widget-container\">\n\t\t\t\t\t<h2 class=\"elementor-heading-title elementor-size-default\">Carreras<\/h2>\t\t\t\t<\/div>\n\t\t\t\t<\/div>\n\t\t\t\t<div class=\"elementor-element elementor-element-a16b134 elementor-widget elementor-widget-text-editor\" data-id=\"a16b134\" data-element_type=\"widget\" data-widget_type=\"text-editor.default\">\n\t\t\t\t<div class=\"elementor-widget-container\">\n\t\t\t\t\t\t\t\t\t<p>\u00a1Convi\u00e9rtase en miembro del equipo ganador en Valley View Casino &amp; Hotel y comience su camino hacia una carrera gratificante!<\/p>\t\t\t\t\t\t\t\t<\/div>\n\t\t\t\t<\/div>\n\t\t\t\t<div class=\"elementor-element elementor-element-16b85a3 elementor-align-left elementor-widget__width-initial elementor-widget elementor-widget-button\" data-id=\"16b85a3\" data-element_type=\"widget\" data-widget_type=\"button.default\">\n\t\t\t\t<div class=\"elementor-widget-container\">\n\t\t\t\t\t\t\t\t\t<div class=\"elementor-button-wrapper\">\n\t\t\t\t\t<a class=\"elementor-button elementor-button-link elementor-size-sm\" href=\"https:\/\/valleyviewcasino.com\/es\/acerca-de\/carreras\/\">\n\t\t\t\t\t\t<span class=\"elementor-button-content-wrapper\">\n\t\t\t\t\t\t\t\t\t<span class=\"elementor-button-text\">Ver Detalles<\/span>\n\t\t\t\t\t<\/span>\n\t\t\t\t\t<\/a>\n\t\t\t\t<\/div>\n\t\t\t\t\t\t\t\t<\/div>\n\t\t\t\t<\/div>\n\t\t\t\t<\/div>\n\t\t<div class=\"elementor-element elementor-element-6c065d6 vv-dining-slider__container e-con-full e-flex elementor-invisible e-con e-child\" data-id=\"6c065d6\" data-element_type=\"container\" data-settings=\"{&quot;animation&quot;:&quot;fadeInLeft&quot;,&quot;animation_tablet&quot;:&quot;fadeIn&quot;}\">\n\t\t<div class=\"elementor-element elementor-element-7154497 e-con-full e-flex e-con e-child\" data-id=\"7154497\" data-element_type=\"container\">\n\t\t\t\t<div class=\"elementor-element elementor-element-0796dc3 elementor-widget elementor-widget-image\" data-id=\"0796dc3\" data-element_type=\"widget\" data-widget_type=\"image.default\">\n\t\t\t\t<div class=\"elementor-widget-container\">\n\t\t\t\t\t\t\t\t\t\t\t\t\t\t\t\t<a href=\"https:\/\/valleyviewcasino.com\/about\/contact-us\/\">\n\t\t\t\t\t\t\t<img loading=\"lazy\" decoding=\"async\" width=\"500\" height=\"340\" src=\"https:\/\/valleyviewcasino.com\/wp-content\/uploads\/2025\/04\/about-tile-contact.jpg.webp\" class=\"attachment-large size-large wp-image-4408\" alt=\"\" srcset=\"https:\/\/valleyviewcasino.com\/wp-content\/uploads\/2025\/04\/about-tile-contact.jpg.webp 500w, https:\/\/valleyviewcasino.com\/wp-content\/uploads\/2025\/04\/about-tile-contact.jpg-300x204.webp 300w\" sizes=\"(max-width: 500px) 100vw, 500px\" \/>\t\t\t\t\t\t\t\t<\/a>\n\t\t\t\t\t\t\t\t\t\t\t\t\t\t\t<\/div>\n\t\t\t\t<\/div>\n\t\t\t\t<\/div>\n\t\t\t\t<div class=\"elementor-element elementor-element-c5fc34f elementor-widget elementor-widget-heading\" data-id=\"c5fc34f\" data-element_type=\"widget\" data-widget_type=\"heading.default\">\n\t\t\t\t<div class=\"elementor-widget-container\">\n\t\t\t\t\t<h2 class=\"elementor-heading-title elementor-size-default\">Cont\u00e1ctanos<\/h2>\t\t\t\t<\/div>\n\t\t\t\t<\/div>\n\t\t\t\t<div class=\"elementor-element elementor-element-71f8ca1 elementor-widget elementor-widget-text-editor\" data-id=\"71f8ca1\" data-element_type=\"widget\" data-widget_type=\"text-editor.default\">\n\t\t\t\t<div class=\"elementor-widget-container\">\n\t\t\t\t\t\t\t\t\t<p>En Valley View Casino &amp; Hotel, nuestros dedicados <a href=\"https:\/\/valleyviewcasino.com\/casino\/hosts\/\">miembros del equipo<\/a> hacen del servicio al hu\u00e9sped su m\u00e1xima prioridad. Sean cuales sean sus necesidades, queremos ayudarlo; no dude en comunicarse con nosotros hoy mismo. <\/p>\t\t\t\t\t\t\t\t<\/div>\n\t\t\t\t<\/div>\n\t\t\t\t<div class=\"elementor-element elementor-element-2cdad1f elementor-align-left elementor-widget__width-initial elementor-widget elementor-widget-button\" data-id=\"2cdad1f\" data-element_type=\"widget\" data-widget_type=\"button.default\">\n\t\t\t\t<div class=\"elementor-widget-container\">\n\t\t\t\t\t\t\t\t\t<div class=\"elementor-button-wrapper\">\n\t\t\t\t\t<a class=\"elementor-button elementor-button-link elementor-size-sm\" href=\"https:\/\/valleyviewcasino.com\/es\/acerca-de\/contactanos\/\">\n\t\t\t\t\t\t<span class=\"elementor-button-content-wrapper\">\n\t\t\t\t\t\t\t\t\t<span class=\"elementor-button-text\">Ver Detalles<\/span>\n\t\t\t\t\t<\/span>\n\t\t\t\t\t<\/a>\n\t\t\t\t<\/div>\n\t\t\t\t\t\t\t\t<\/div>\n\t\t\t\t<\/div>\n\t\t\t\t<\/div>\n\t\t<div class=\"elementor-element elementor-element-b448360 vv-dining-slider__container e-con-full e-flex elementor-invisible e-con e-child\" data-id=\"b448360\" data-element_type=\"container\" data-settings=\"{&quot;animation&quot;:&quot;fadeInRight&quot;,&quot;animation_tablet&quot;:&quot;fadeIn&quot;}\">\n\t\t<div class=\"elementor-element elementor-element-ccc1a81 e-con-full e-flex e-con e-child\" data-id=\"ccc1a81\" data-element_type=\"container\">\n\t\t\t\t<div class=\"elementor-element elementor-element-7bf6aa0 elementor-widget elementor-widget-image\" data-id=\"7bf6aa0\" data-element_type=\"widget\" data-widget_type=\"image.default\">\n\t\t\t\t<div class=\"elementor-widget-container\">\n\t\t\t\t\t\t\t\t\t\t\t\t\t\t\t\t<a href=\"http:\/\/www.spcdgi.com\/\" target=\"_blank\" rel=\"noopener\">\n\t\t\t\t\t\t\t<img loading=\"lazy\" decoding=\"async\" width=\"500\" height=\"340\" src=\"https:\/\/valleyviewcasino.com\/wp-content\/uploads\/2025\/04\/about-tile-spcdgi.jpg.webp\" class=\"attachment-large size-large wp-image-4409\" alt=\"\" srcset=\"https:\/\/valleyviewcasino.com\/wp-content\/uploads\/2025\/04\/about-tile-spcdgi.jpg.webp 500w, https:\/\/valleyviewcasino.com\/wp-content\/uploads\/2025\/04\/about-tile-spcdgi.jpg-300x204.webp 300w\" sizes=\"(max-width: 500px) 100vw, 500px\" \/>\t\t\t\t\t\t\t\t<\/a>\n\t\t\t\t\t\t\t\t\t\t\t\t\t\t\t<\/div>\n\t\t\t\t<\/div>\n\t\t\t\t<\/div>\n\t\t\t\t<div class=\"elementor-element elementor-element-70046b6 elementor-widget elementor-widget-heading\" data-id=\"70046b6\" data-element_type=\"widget\" data-widget_type=\"heading.default\">\n\t\t\t\t<div class=\"elementor-widget-container\">\n\t\t\t\t\t<h2 class=\"elementor-heading-title elementor-size-default\">SPCDGI<\/h2>\t\t\t\t<\/div>\n\t\t\t\t<\/div>\n\t\t\t\t<div class=\"elementor-element elementor-element-ffc6d46 elementor-widget elementor-widget-text-editor\" data-id=\"ffc6d46\" data-element_type=\"widget\" data-widget_type=\"text-editor.default\">\n\t\t\t\t<div class=\"elementor-widget-container\">\n\t\t\t\t\t\t\t\t\t<p>San Pasqual Casino Development Group, Inc. (SPCDGI) es una corporaci\u00f3n constituida por tribus formada bajo las leyes de la tribu, San Pasqual Band of Mission Indians. SPCDGI es una entidad \u00fanica en el pa\u00eds indio. La estructura de la junta est\u00e1 compuesta tanto por miembros tribales como por profesionales de la industria financiera y de casinos. Se form\u00f3 para administrar todos los aspectos de las operaciones de juego de la tribu, conocido popularmente como Valley View Casino &amp; Hotel, el favorito de San Diego.   <\/p>\t\t\t\t\t\t\t\t<\/div>\n\t\t\t\t<\/div>\n\t\t\t\t<div class=\"elementor-element elementor-element-f89021b elementor-align-left elementor-widget__width-initial elementor-widget elementor-widget-button\" data-id=\"f89021b\" data-element_type=\"widget\" data-widget_type=\"button.default\">\n\t\t\t\t<div class=\"elementor-widget-container\">\n\t\t\t\t\t\t\t\t\t<div class=\"elementor-button-wrapper\">\n\t\t\t\t\t<a class=\"elementor-button elementor-button-link elementor-size-sm\" href=\"http:\/\/www.spcdgi.com\/\" target=\"_blank\" rel=\"noopener\">\n\t\t\t\t\t\t<span class=\"elementor-button-content-wrapper\">\n\t\t\t\t\t\t\t\t\t<span class=\"elementor-button-text\">Ver Detalles<\/span>\n\t\t\t\t\t<\/span>\n\t\t\t\t\t<\/a>\n\t\t\t\t<\/div>\n\t\t\t\t\t\t\t\t<\/div>\n\t\t\t\t<\/div>\n\t\t\t\t<\/div>\n\t\t\t\t<\/div>\n\t\t\t\t\t<\/div>\n\t\t\t\t<\/div>\n\t\t\t\t<\/div>\n\t\t","protected":false},"excerpt":{"rendered":"<p>Acerca de Valley View Casino &amp; Hotel Entre por nuestras puertas y prep\u00e1rese para alejarse de la rutina y entrar en un apasionante mundo de sofisticaci\u00f3n, euforia y diversi\u00f3n. Valley [&hellip;]<\/p>\n","protected":false},"author":2,"featured_media":0,"parent":0,"menu_order":0,"comment_status":"closed","ping_status":"closed","template":"","meta":{"_acf_changed":false,"inline_featured_image":false,"footnotes":""},"class_list":["post-4847","page","type-page","status-publish","hentry"],"acf":[],"_links":{"self":[{"href":"https:\/\/valleyviewcasino.com\/es\/wp-json\/wp\/v2\/pages\/4847","targetHints":{"allow":["GET"]}}],"collection":[{"href":"https:\/\/valleyviewcasino.com\/es\/wp-json\/wp\/v2\/pages"}],"about":[{"href":"https:\/\/valleyviewcasino.com\/es\/wp-json\/wp\/v2\/types\/page"}],"author":[{"embeddable":true,"href":"https:\/\/valleyviewcasino.com\/es\/wp-json\/wp\/v2\/users\/2"}],"replies":[{"embeddable":true,"href":"https:\/\/valleyviewcasino.com\/es\/wp-json\/wp\/v2\/comments?post=4847"}],"version-history":[{"count":11,"href":"https:\/\/valleyviewcasino.com\/es\/wp-json\/wp\/v2\/pages\/4847\/revisions"}],"predecessor-version":[{"id":9462,"href":"https:\/\/valleyviewcasino.com\/es\/wp-json\/wp\/v2\/pages\/4847\/revisions\/9462"}],"wp:attachment":[{"href":"https:\/\/valleyviewcasino.com\/es\/wp-json\/wp\/v2\/media?parent=4847"}],"curies":[{"name":"wp","href":"https:\/\/api.w.org\/{rel}","templated":true}]}}