{"id":4726,"date":"2024-12-10T17:07:38","date_gmt":"2024-12-11T01:07:38","guid":{"rendered":"https:\/\/valleyviewcasino.com\/juego-responsable\/"},"modified":"2025-05-01T07:18:58","modified_gmt":"2025-05-01T14:18:58","slug":"juego-responsable","status":"publish","type":"page","link":"https:\/\/valleyviewcasino.com\/es\/juego-responsable\/","title":{"rendered":"Juego Responsable"},"content":{"rendered":"\t\t<div data-elementor-type=\"wp-page\" data-elementor-id=\"4726\" class=\"elementor elementor-4726 elementor-244\" data-elementor-post-type=\"page\">\n\t\t\t\t<div class=\"elementor-element elementor-element-a875eac e-con-full e-flex e-con e-parent\" data-id=\"a875eac\" data-element_type=\"container\">\n\t\t<div class=\"elementor-element elementor-element-3d30967 e-flex e-con-boxed e-con e-child\" data-id=\"3d30967\" data-element_type=\"container\">\n\t\t\t\t\t<div class=\"e-con-inner\">\n\t\t\t\t<div class=\"elementor-element elementor-element-cf0e04b elementor-widget elementor-widget-heading\" data-id=\"cf0e04b\" data-element_type=\"widget\" data-widget_type=\"heading.default\">\n\t\t\t\t<div class=\"elementor-widget-container\">\n\t\t\t\t\t<h1 class=\"elementor-heading-title elementor-size-default\">Juego Responsable<\/h1>\t\t\t\t<\/div>\n\t\t\t\t<\/div>\n\t\t\t\t<div class=\"elementor-element elementor-element-d544884 elementor-widget elementor-widget-text-editor\" data-id=\"d544884\" data-element_type=\"widget\" data-widget_type=\"text-editor.default\">\n\t\t\t\t<div class=\"elementor-widget-container\">\n\t\t\t\t\t\t\t\t\t<p>En Valley View Casino &amp; Hotel, creemos que el Juego Responsable debe ser parte estructural de nuestra compa\u00f1\u00eda. Hemos tomado medidas para asegurar que el total de nuestros 900 empleados aqu\u00ed en Valley View sean capacitados para reconocer y responder cuando se detecten signos de un problema de juego. Nosotros incentivamos a nuestros hu\u00e9spedes a disfrutar del juego como una forma de entretenimiento, y jugar solo dentro de los l\u00edmites de su presupuesto. Finalmente, nosotros enfatizamos nuestro apoyo al Juego Responsable por medio de recordatorios comunicados en nuestra propiedad.   <\/p>\t\t\t\t\t\t\t\t<\/div>\n\t\t\t\t<\/div>\n\t\t\t\t<div class=\"elementor-element elementor-element-6e1b9d9 elementor-widget elementor-widget-heading\" data-id=\"6e1b9d9\" data-element_type=\"widget\" data-widget_type=\"heading.default\">\n\t\t\t\t<div class=\"elementor-widget-container\">\n\t\t\t\t\t<h4 class=\"elementor-heading-title elementor-size-default\">Signos y S\u00edntomas de un Problema de Juego<\/h4>\t\t\t\t<\/div>\n\t\t\t\t<\/div>\n\t\t\t\t<div class=\"elementor-element elementor-element-5b5aee2 elementor-widget elementor-widget-text-editor\" data-id=\"5b5aee2\" data-element_type=\"widget\" data-widget_type=\"text-editor.default\">\n\t\t\t\t<div class=\"elementor-widget-container\">\n\t\t\t\t\t\t\t\t\t<ul>\n \t<li>Intentar disminuir su juego sin \u00e9xito<\/li>\n \t<li>Jugar para escapar del estr\u00e9s, la ansiedad o problemas financieros<\/li>\n \t<li>Mentir acerca del dinero y la cantidad de tiempo invertido en el juego<\/li>\n \t<li>Ignorar a la familia, p\u00e9rdida del trabajo u oportunidades en su carrera profesional como resultado del Juego<\/li>\n<\/ul>\n\nSi usted o alguien que conoce est\u00e1 experimentando alguno de los signos y s\u00edntomas antes mensionados, le aconsejamos que solicite ayuda.\t\t\t\t\t\t\t\t<\/div>\n\t\t\t\t<\/div>\n\t\t\t\t<div class=\"elementor-element elementor-element-474a8d2 elementor-widget elementor-widget-text-editor\" data-id=\"474a8d2\" data-element_type=\"widget\" data-widget_type=\"text-editor.default\">\n\t\t\t\t<div class=\"elementor-widget-container\">\n\t\t\t\t\t\t\t\t\t<h4>Recursos de Ayuda para el Problema de Juego<\/h4><p>1-800-GAMBLER (1-800-426-2537)<\/p><p>1-800-522-4700<\/p><p>Text SUPPORT to 53342<\/p><p><a href=\"https:\/\/calpg.org\/\" target=\"_blank\" rel=\"noopener\" aria-label=\"Opens in a new tab\">https:\/\/calpg.org\/<\/a><\/p>\t\t\t\t\t\t\t\t<\/div>\n\t\t\t\t<\/div>\n\t\t\t\t\t<\/div>\n\t\t\t\t<\/div>\n\t\t\t\t<\/div>\n\t\t\t\t<\/div>\n\t\t","protected":false},"excerpt":{"rendered":"<p>Juego Responsable En Valley View Casino &amp; Hotel, creemos que el Juego Responsable debe ser parte estructural de nuestra compa\u00f1\u00eda. Hemos tomado medidas para asegurar que el total de nuestros [&hellip;]<\/p>\n","protected":false},"author":2,"featured_media":0,"parent":0,"menu_order":0,"comment_status":"closed","ping_status":"closed","template":"","meta":{"_acf_changed":false,"inline_featured_image":false,"footnotes":""},"class_list":["post-4726","page","type-page","status-publish","hentry"],"acf":[],"_links":{"self":[{"href":"https:\/\/valleyviewcasino.com\/es\/wp-json\/wp\/v2\/pages\/4726","targetHints":{"allow":["GET"]}}],"collection":[{"href":"https:\/\/valleyviewcasino.com\/es\/wp-json\/wp\/v2\/pages"}],"about":[{"href":"https:\/\/valleyviewcasino.com\/es\/wp-json\/wp\/v2\/types\/page"}],"author":[{"embeddable":true,"href":"https:\/\/valleyviewcasino.com\/es\/wp-json\/wp\/v2\/users\/2"}],"replies":[{"embeddable":true,"href":"https:\/\/valleyviewcasino.com\/es\/wp-json\/wp\/v2\/comments?post=4726"}],"version-history":[{"count":2,"href":"https:\/\/valleyviewcasino.com\/es\/wp-json\/wp\/v2\/pages\/4726\/revisions"}],"predecessor-version":[{"id":8521,"href":"https:\/\/valleyviewcasino.com\/es\/wp-json\/wp\/v2\/pages\/4726\/revisions\/8521"}],"wp:attachment":[{"href":"https:\/\/valleyviewcasino.com\/es\/wp-json\/wp\/v2\/media?parent=4726"}],"curies":[{"name":"wp","href":"https:\/\/api.w.org\/{rel}","templated":true}]}}