{"id":4649,"date":"2024-12-06T00:58:52","date_gmt":"2024-12-06T08:58:52","guid":{"rendered":"https:\/\/valleyviewcasino.com\/politica-de-privacidad\/"},"modified":"2025-04-28T10:33:32","modified_gmt":"2025-04-28T17:33:32","slug":"politica-de-privacidad","status":"publish","type":"page","link":"https:\/\/valleyviewcasino.com\/es\/politica-de-privacidad\/","title":{"rendered":"Pol\u00edtica de Privacidad"},"content":{"rendered":"\t\t<div data-elementor-type=\"wp-page\" data-elementor-id=\"4649\" class=\"elementor elementor-4649 elementor-3\" data-elementor-post-type=\"page\">\n\t\t\t\t<div class=\"elementor-element elementor-element-9d03250 e-flex e-con-boxed e-con e-parent\" data-id=\"9d03250\" data-element_type=\"container\">\n\t\t\t\t\t<div class=\"e-con-inner\">\n\t\t\t\t<div class=\"elementor-element elementor-element-691e0b7 elementor-widget elementor-widget-text-editor\" data-id=\"691e0b7\" data-element_type=\"widget\" data-widget_type=\"text-editor.default\">\n\t\t\t\t<div class=\"elementor-widget-container\">\n\t\t\t\t\t\t\t\t\t<h1><span style=\"color: #c5a348;\">Pol\u00edtica de Privacidad<\/span><\/h1><p>Este aviso de privacidad revela las pr\u00e1cticas de privacidad de <a href=\"https:\/\/valleyviewcasino.com\/es\/\">www.ValleyViewCasino.com<\/a> y <a href=\"https:\/\/valleyviewcasino.com\/es\/\">www.ValleyViewCasinoResort.com<\/a>. Este aviso de privacidad se aplica \u00fanicamente a la informaci\u00f3n recopilada por estos sitios web. Le notificar\u00e1 lo siguiente: <\/p><ul><li>Qu\u00e9 informaci\u00f3n de identificaci\u00f3n personal se recopila de usted a trav\u00e9s del sitio web, c\u00f3mo se usa y con qui\u00e9n se puede compartir.<\/li><li>Qu\u00e9 opciones tiene a su disposici\u00f3n con respecto al uso de sus datos.<\/li><li>Los procedimientos de seguridad establecidos para proteger contra el uso indebido de su informaci\u00f3n.<\/li><li>C\u00f3mo puede corregir cualquier inexactitud en la informaci\u00f3n.<\/li><\/ul><h2>Recopilaci\u00f3n, uso e intercambio de informaci\u00f3n<\/h2><p>Somos los \u00fanicos propietarios de la informaci\u00f3n recopilada en estos sitios. Solo tenemos acceso a \/ recopilamos informaci\u00f3n que usted nos proporciona voluntariamente por correo electr\u00f3nico u otro contacto directo de su parte. Nuestro casino en San Diego no vender\u00e1 ni alquilar\u00e1 esta informaci\u00f3n a nadie.  <\/p><p>Usaremos su informaci\u00f3n para responderle, con respecto al motivo por el que se comunic\u00f3 con nosotros. No compartiremos su informaci\u00f3n con ning\u00fan tercero fuera de nuestra organizaci\u00f3n, salvo que sea necesario para responder a su solicitud. Cuando visita este sitio web, podemos reorientarle la publicidad por correo electr\u00f3nico y correo directo, puede optar por no participar en este servicio enviando un correo electr\u00f3nico a <a href=\"mailto:info@valleyviewcasino.com\">info@ValleyViewCasino.com.<\/a>  <\/p><p>A menos que nos pida que no lo hagamos, es posible que nos comuniquemos con usted por correo electr\u00f3nico en el futuro para informarle sobre ofertas especiales, nuevos productos o servicios, o cambios en esta pol\u00edtica de privacidad.<\/p><h2>Su acceso y control sobre la informaci\u00f3n<\/h2><p>Puede optar por no recibir nuestros contactos futuros en cualquier momento comunic\u00e1ndose con nosotros a trav\u00e9s de la direcci\u00f3n de correo electr\u00f3nico o el n\u00famero de tel\u00e9fono que se proporciona en nuestro sitio web.<\/p><h2>Security<\/h2><p>Tomamos precauciones para proteger su informaci\u00f3n. Cuando env\u00eda informaci\u00f3n confidencial a trav\u00e9s del sitio web, su informaci\u00f3n est\u00e1 protegida tanto en l\u00ednea como fuera de l\u00ednea. <\/p><h2>Contenido de los sitios<\/h2><p>Siempre que recopilamos informaci\u00f3n confidencial (como datos de tarjetas de cr\u00e9dito), esa informaci\u00f3n se cifra y se nos transmite de forma segura. Si bien utilizamos el cifrado para proteger la informaci\u00f3n confidencial transmitida en l\u00ednea, tambi\u00e9n protegemos su informaci\u00f3n fuera de l\u00ednea. Solo los empleados que necesitan la informaci\u00f3n para realizar un trabajo espec\u00edfico (por ejemplo, facturaci\u00f3n o servicio al cliente) tienen acceso a informaci\u00f3n de identificaci\u00f3n personal. Las computadoras \/ servidores en los que almacenamos informaci\u00f3n de identificaci\u00f3n personal se mantienen en un entorno seguro.   <\/p><h2>Enlaces<\/h2><p>Este sitio web contiene enlaces a otros sitios. Tenga en cuenta que no somos responsables del contenido o las pr\u00e1cticas de privacidad de esos otros sitios. Alentamos a nuestros usuarios a estar atentos cuando abandonan nuestro sitio y a leer las declaraciones de privacidad de cualquier otro sitio que recopile informaci\u00f3n de identificaci\u00f3n personal.  <\/p><h2>Encuestas y Concursos<\/h2><p>De vez en cuando, nuestro sitio solicita informaci\u00f3n a trav\u00e9s de encuestas o concursos. La participaci\u00f3n en estas encuestas o concursos es completamente voluntaria y puede elegir si desea participar o no y, por lo tanto, divulgar esta informaci\u00f3n. La informaci\u00f3n solicitada puede incluir informaci\u00f3n de contacto (como nombre y direcci\u00f3n de env\u00edo) e informaci\u00f3n demogr\u00e1fica (como c\u00f3digo postal, nivel de edad). La informaci\u00f3n de contacto se utilizar\u00e1 para notificar a los ganadores y otorgar premios. La informaci\u00f3n de la encuesta se utilizar\u00e1 para monitorear o mejorar el uso y la satisfacci\u00f3n de este sitio.    <\/p><h2>Cookies del Navegador Web<\/h2><p>Usamos cookies en este sitio. Una cookie es un fragmento de datos que se almacena en el disco duro de un visitante del sitio para ayudarnos a mejorar su acceso a nuestro sitio e identificar a los visitantes que repiten. Por ejemplo, cuando usamos una cookie para identificarlo, no tendr\u00eda que ingresar una contrase\u00f1a m\u00e1s de una vez, lo que le permitir\u00e1 ahorrar tiempo en nuestro sitio. Las cookies tambi\u00e9n pueden permitirnos rastrear y apuntar a los intereses de nuestros usuarios para mejorar la experiencia en nuestro sitio. El uso de una cookie no est\u00e1 vinculado de ninguna manera a ninguna informaci\u00f3n de identificaci\u00f3n personal en nuestro sitio.    <\/p><h2>Proveedores de Servicio<\/h2><p>Podemos emplear empresas e individuos de terceros por las siguientes razones:<\/p><ul><li>Para facilitar nuestro Servicio;<\/li><li>Para proporcionar el Servicio en nuestro nombre;<\/li><li>Para realizar servicios relacionados con el Servicio; o<\/li><li>Para ayudarnos a analizar c\u00f3mo se utiliza nuestro Servicio.<\/li><\/ul><p>Queremos informar a los usuarios de este Servicio que estos terceros tienen acceso a su Informaci\u00f3n personal. El motivo es realizar las tareas que se les asignen en nuestro nombre. Sin embargo, est\u00e1n obligados a no divulgar ni utilizar la informaci\u00f3n para ning\u00fan otro prop\u00f3sito.  <\/p><h2>Security<\/h2><p>Valoramos su confianza al proporcionarnos su informaci\u00f3n personal, por lo que nos esforzamos por utilizar medios comercialmente aceptables para protegerla. Pero recuerde que ning\u00fan m\u00e9todo de transmisi\u00f3n a trav\u00e9s de Internet o m\u00e9todo de almacenamiento electr\u00f3nico es 100% seguro y confiable, y no podemos garantizar su absoluta seguridad. <\/p><h2>Enlaces a Otros Sitios<\/h2><p>Este Servicio puede contener enlaces a otros sitios. Si hace clic en un enlace de un tercero, se le dirigir\u00e1 a ese sitio. Tenga en cuenta que estos sitios externos no son operados por nosotros. Por lo tanto, le recomendamos encarecidamente que revise la Pol\u00edtica de privacidad de estos sitios web. No tenemos control ni asumimos ninguna responsabilidad por el contenido, las pol\u00edticas de privacidad o las pr\u00e1cticas de los sitios o servicios de terceros.    <\/p><h2>Cambios a esta Pol\u00edtica de Privacidad<\/h2><p>Es posible que actualicemos nuestra Pol\u00edtica de privacidad de vez en cuando. Por lo tanto, le recomendamos que revise esta p\u00e1gina peri\u00f3dicamente para ver si hay cambios. Le notificaremos de cualquier cambio publicando la nueva Pol\u00edtica de privacidad en esta p\u00e1gina. Estos cambios entran en vigencia inmediatamente despu\u00e9s de su publicaci\u00f3n en esta p\u00e1gina.   <\/p><h2>Cont\u00e1ctanos<\/h2><p>Si tiene alguna pregunta o sugerencia sobre nuestra Pol\u00edtica de privacidad, no dude en contactarnos. Nos pueden contactar al <a href=\"tel:+17602915500\">760-291-5500<\/a> o en <a href=\"mailto:info@valleyviewcasino.com\">info@ValleyViewCasino.com<\/a>. <\/p>\t\t\t\t\t\t\t\t<\/div>\n\t\t\t\t<\/div>\n\t\t\t\t\t<\/div>\n\t\t\t\t<\/div>\n\t\t\t\t<\/div>\n\t\t","protected":false},"excerpt":{"rendered":"<p>Pol\u00edtica de Privacidad Este aviso de privacidad revela las pr\u00e1cticas de privacidad de www.ValleyViewCasino.com y www.ValleyViewCasinoResort.com. Este aviso de privacidad se aplica \u00fanicamente a la informaci\u00f3n recopilada por estos sitios [&hellip;]<\/p>\n","protected":false},"author":2,"featured_media":0,"parent":0,"menu_order":0,"comment_status":"closed","ping_status":"closed","template":"","meta":{"_acf_changed":false,"inline_featured_image":false,"footnotes":""},"class_list":["post-4649","page","type-page","status-publish","hentry"],"acf":[],"_links":{"self":[{"href":"https:\/\/valleyviewcasino.com\/es\/wp-json\/wp\/v2\/pages\/4649","targetHints":{"allow":["GET"]}}],"collection":[{"href":"https:\/\/valleyviewcasino.com\/es\/wp-json\/wp\/v2\/pages"}],"about":[{"href":"https:\/\/valleyviewcasino.com\/es\/wp-json\/wp\/v2\/types\/page"}],"author":[{"embeddable":true,"href":"https:\/\/valleyviewcasino.com\/es\/wp-json\/wp\/v2\/users\/2"}],"replies":[{"embeddable":true,"href":"https:\/\/valleyviewcasino.com\/es\/wp-json\/wp\/v2\/comments?post=4649"}],"version-history":[{"count":3,"href":"https:\/\/valleyviewcasino.com\/es\/wp-json\/wp\/v2\/pages\/4649\/revisions"}],"predecessor-version":[{"id":8509,"href":"https:\/\/valleyviewcasino.com\/es\/wp-json\/wp\/v2\/pages\/4649\/revisions\/8509"}],"wp:attachment":[{"href":"https:\/\/valleyviewcasino.com\/es\/wp-json\/wp\/v2\/media?parent=4649"}],"curies":[{"name":"wp","href":"https:\/\/api.w.org\/{rel}","templated":true}]}}