{"id":4616,"date":"2024-12-11T10:38:23","date_gmt":"2024-12-11T18:38:23","guid":{"rendered":"https:\/\/valleyviewcasino.com\/casino\/declaraciones-de-ganancias-y-perdidas-y-formularios-de-impuestos\/"},"modified":"2025-04-28T10:36:27","modified_gmt":"2025-04-28T17:36:27","slug":"declaraciones-de-ganancias-y-perdidas-y-formularios-de-impuestos","status":"publish","type":"page","link":"https:\/\/valleyviewcasino.com\/es\/casino\/declaraciones-de-ganancias-y-perdidas-y-formularios-de-impuestos\/","title":{"rendered":"Declaraciones de Ganancias y P\u00e9rdidas y Formularios de Impuestos"},"content":{"rendered":"\t\t<div data-elementor-type=\"wp-page\" data-elementor-id=\"4616\" class=\"elementor elementor-4616 elementor-391\" data-elementor-post-type=\"page\">\n\t\t\t\t<div class=\"elementor-element elementor-element-efa92f7 e-con-full hero-child-pages e-flex e-con e-parent\" data-id=\"efa92f7\" data-element_type=\"container\" data-settings=\"{&quot;background_background&quot;:&quot;classic&quot;}\">\n\t\t<div class=\"elementor-element elementor-element-edd2433 e-flex e-con-boxed e-con e-child\" data-id=\"edd2433\" data-element_type=\"container\" data-settings=\"{&quot;background_background&quot;:&quot;gradient&quot;}\">\n\t\t\t\t\t<div class=\"e-con-inner\">\n\t\t\t\t<div class=\"elementor-element elementor-element-f12f85e gradient-text elementor-invisible elementor-widget elementor-widget-heading\" data-id=\"f12f85e\" data-element_type=\"widget\" data-settings=\"{&quot;_animation&quot;:&quot;fadeInUp&quot;}\" data-widget_type=\"heading.default\">\n\t\t\t\t<div class=\"elementor-widget-container\">\n\t\t\t\t\t<h1 class=\"elementor-heading-title elementor-size-default\">Declaraciones de Ganancias y P\u00e9rdidas y Formularios de Impuestos<\/h1>\t\t\t\t<\/div>\n\t\t\t\t<\/div>\n\t\t\t\t\t<\/div>\n\t\t\t\t<\/div>\n\t\t\t\t<\/div>\n\t\t<div class=\"elementor-element elementor-element-52b8f7b e-flex e-con-boxed e-con e-child\" data-id=\"52b8f7b\" data-element_type=\"container\">\n\t\t\t\t\t<div class=\"e-con-inner\">\n\t\t<div class=\"elementor-element elementor-element-b764b79 e-flex e-con-boxed elementor-invisible e-con e-child\" data-id=\"b764b79\" data-element_type=\"container\" data-settings=\"{&quot;animation&quot;:&quot;fadeIn&quot;}\">\n\t\t\t\t\t<div class=\"e-con-inner\">\n\t\t<div class=\"elementor-element elementor-element-9ba1a4f e-con-full e-flex elementor-invisible e-con e-child\" data-id=\"9ba1a4f\" data-element_type=\"container\" data-settings=\"{&quot;animation&quot;:&quot;fadeInRight&quot;,&quot;animation_tablet&quot;:&quot;fadeIn&quot;}\">\n\t\t\t\t<div class=\"elementor-element elementor-element-436c5cd elementor-widget elementor-widget-heading\" data-id=\"436c5cd\" data-element_type=\"widget\" data-widget_type=\"heading.default\">\n\t\t\t\t<div class=\"elementor-widget-container\">\n\t\t\t\t\t<h2 class=\"elementor-heading-title elementor-size-default\">DECLARACIONES DE GANANCIAS Y P\u00c9RDIDAS<\/h2>\t\t\t\t<\/div>\n\t\t\t\t<\/div>\n\t\t\t\t<div class=\"elementor-element elementor-element-7e6a054 elementor-widget elementor-widget-text-editor\" data-id=\"7e6a054\" data-element_type=\"widget\" data-widget_type=\"text-editor.default\">\n\t\t\t\t<div class=\"elementor-widget-container\">\n\t\t\t\t\t\t\t\t\t<p>Si desea recibir un estado de cuenta de ganancias\/p\u00e9rdidas de fin de a\u00f1o para los impuestos de sus actividades de juego, visite <a href=\"https:\/\/valleyviewcasino.com\/the-club\/players-club\/\">El Club de Jugadores<\/a>, abierto las 24 horas del d\u00eda, y se le proporcionar\u00e1 su estado de cuenta. Tambi\u00e9n puede comunicarse con nosotros por correo electr\u00f3nico a <a href=\"mailto:winloss@valleyviewcasino.com\">winloss@ValleyViewCasino.com<\/a> o por tel\u00e9fono al 760-291-5507 con la siguiente informaci\u00f3n y le enviaremos su solicitud por correo, correo electr\u00f3nico o fax: <\/p><ul><li>Nombre y Apellido<\/li><li>N\u00famero de Tarjeta de los Jugadores<\/li><li>Fecha de Nacimiento<\/li><li>N\u00famero de Licencia de Conducir<\/li><li>Direcci\u00f3n Actual o N\u00famero de Fax<\/li><li>A\u00f1o de Declaraci\u00f3n de Ganancias y P\u00e9rdidas que est\u00e1 Solicitando<\/li><li>M\u00e9todo Preferido de Entrega; Recoger en El Club de Jugadores, Correo, Correo Electr\u00f3nico o Fax<\/li><\/ul><p>Todas las solicitudes de mensaje de voz se procesan en un plazo de 72 horas o menos. Si elige recibir su resumen de ganancias\/p\u00e9rdidas por correo, espere hasta dos semanas para la entrega. Gracias.  <\/p>\t\t\t\t\t\t\t\t<\/div>\n\t\t\t\t<\/div>\n\t\t\t\t<\/div>\n\t\t\t\t\t<\/div>\n\t\t\t\t<\/div>\n\t\t<div class=\"elementor-element elementor-element-f90880c e-flex e-con-boxed elementor-invisible e-con e-child\" data-id=\"f90880c\" data-element_type=\"container\" data-settings=\"{&quot;animation&quot;:&quot;fadeIn&quot;}\">\n\t\t\t\t\t<div class=\"e-con-inner\">\n\t\t<div class=\"elementor-element elementor-element-979fa72 e-con-full e-flex elementor-invisible e-con e-child\" data-id=\"979fa72\" data-element_type=\"container\" data-settings=\"{&quot;animation&quot;:&quot;fadeInRight&quot;,&quot;animation_tablet&quot;:&quot;fadeIn&quot;}\">\n\t\t\t\t<div class=\"elementor-element elementor-element-f5524d3 elementor-widget elementor-widget-heading\" data-id=\"f5524d3\" data-element_type=\"widget\" data-widget_type=\"heading.default\">\n\t\t\t\t<div class=\"elementor-widget-container\">\n\t\t\t\t\t<h2 class=\"elementor-heading-title elementor-size-default\">FORMULARIOS DUPLICADOS<\/h2>\t\t\t\t<\/div>\n\t\t\t\t<\/div>\n\t\t\t\t<div class=\"elementor-element elementor-element-920c1de elementor-widget elementor-widget-text-editor\" data-id=\"920c1de\" data-element_type=\"widget\" data-widget_type=\"text-editor.default\">\n\t\t\t\t<div class=\"elementor-widget-container\">\n\t\t\t\t\t\t\t\t\t<p>Si desea recibir un duplicado W2G para ganancias de juego o 1099Misc duplicados para <a href=\"https:\/\/valleyviewcasino.com\/promotions\/\">promociones<\/a> o regalos, p\u00f3ngase en contacto con nuestra l\u00ednea de mensaje de buz\u00f3n de voz autom\u00e1tico en 760-291-2333 o escr\u00edbanos a <a href=\"mailto:w2g@valleyviewcasino.com\" target=\"_top\" rel=\"noopener\">w2g@ValleyViewCasino.com<\/a> y deje la siguiente informaci\u00f3n:<\/p><ul><li>Nombre y Apellido<\/li><li>N\u00famero de Tarjeta de los Jugadores<\/li><li>Fecha de Nacimiento<\/li><li>\u00daltimos 4 d\u00edgitos de su N\u00famero de Seguro Social<\/li><li>Direcci\u00f3n Actual o N\u00famero de Fax<\/li><li>A\u00f1o de Declaraci\u00f3n de Ganancias y P\u00e9rdidas que est\u00e1 Solicitando<\/li><li>M\u00e9todo Preferido de Entrega; Recoger en El Club de Jugadores, Correo, Correo Electr\u00f3nico o Fax<br><br><\/li><\/ul><p>Todas las solicitudes de buz\u00f3n de voz se procesan en un plazo de 72 horas o menos. Si elige recibir su formulario duplicado de impuestos por correo, espere hasta dos semanas para la entrega. Gracias.  <\/p>\t\t\t\t\t\t\t\t<\/div>\n\t\t\t\t<\/div>\n\t\t\t\t<\/div>\n\t\t\t\t\t<\/div>\n\t\t\t\t<\/div>\n\t\t\t\t\t<\/div>\n\t\t\t\t<\/div>\n\t\t\t\t<\/div>\n\t\t","protected":false},"excerpt":{"rendered":"<p>DECLARACIONES DE GANANCIAS Y P\u00c9RDIDAS Si desea recibir un estado de cuenta de ganancias\/p\u00e9rdidas de fin de a\u00f1o para los impuestos de sus actividades de juego, visite El Club de [&hellip;]<\/p>\n","protected":false},"author":2,"featured_media":4293,"parent":4552,"menu_order":0,"comment_status":"closed","ping_status":"closed","template":"","meta":{"_acf_changed":false,"inline_featured_image":false,"footnotes":""},"class_list":["post-4616","page","type-page","status-publish","has-post-thumbnail","hentry"],"acf":[],"_links":{"self":[{"href":"https:\/\/valleyviewcasino.com\/es\/wp-json\/wp\/v2\/pages\/4616","targetHints":{"allow":["GET"]}}],"collection":[{"href":"https:\/\/valleyviewcasino.com\/es\/wp-json\/wp\/v2\/pages"}],"about":[{"href":"https:\/\/valleyviewcasino.com\/es\/wp-json\/wp\/v2\/types\/page"}],"author":[{"embeddable":true,"href":"https:\/\/valleyviewcasino.com\/es\/wp-json\/wp\/v2\/users\/2"}],"replies":[{"embeddable":true,"href":"https:\/\/valleyviewcasino.com\/es\/wp-json\/wp\/v2\/comments?post=4616"}],"version-history":[{"count":4,"href":"https:\/\/valleyviewcasino.com\/es\/wp-json\/wp\/v2\/pages\/4616\/revisions"}],"predecessor-version":[{"id":8511,"href":"https:\/\/valleyviewcasino.com\/es\/wp-json\/wp\/v2\/pages\/4616\/revisions\/8511"}],"up":[{"embeddable":true,"href":"https:\/\/valleyviewcasino.com\/es\/wp-json\/wp\/v2\/pages\/4552"}],"wp:featuredmedia":[{"embeddable":true,"href":"https:\/\/valleyviewcasino.com\/es\/wp-json\/wp\/v2\/media\/4293"}],"wp:attachment":[{"href":"https:\/\/valleyviewcasino.com\/es\/wp-json\/wp\/v2\/media?parent=4616"}],"curies":[{"name":"wp","href":"https:\/\/api.w.org\/{rel}","templated":true}]}}