{"id":4614,"date":"2024-12-11T10:38:20","date_gmt":"2024-12-11T18:38:20","guid":{"rendered":"https:\/\/valleyviewcasino.com\/casino\/tarjetas-de-regalo\/"},"modified":"2025-04-18T13:59:46","modified_gmt":"2025-04-18T20:59:46","slug":"tarjetas-de-regalo","status":"publish","type":"page","link":"https:\/\/valleyviewcasino.com\/es\/casino\/tarjetas-de-regalo\/","title":{"rendered":"Tarjetas de Regalo"},"content":{"rendered":"\t\t<div data-elementor-type=\"wp-page\" data-elementor-id=\"4614\" class=\"elementor elementor-4614 elementor-390\" data-elementor-post-type=\"page\">\n\t\t\t\t<div class=\"elementor-element elementor-element-80212af e-con-full hero-child-pages e-flex e-con e-parent\" data-id=\"80212af\" data-element_type=\"container\" data-settings=\"{&quot;background_background&quot;:&quot;classic&quot;}\">\n\t\t<div class=\"elementor-element elementor-element-4bb776e e-flex e-con-boxed e-con e-child\" data-id=\"4bb776e\" data-element_type=\"container\" data-settings=\"{&quot;background_background&quot;:&quot;gradient&quot;}\">\n\t\t\t\t\t<div class=\"e-con-inner\">\n\t\t\t\t<div class=\"elementor-element elementor-element-e94e6e4 gradient-text elementor-invisible elementor-widget elementor-widget-heading\" data-id=\"e94e6e4\" data-element_type=\"widget\" data-settings=\"{&quot;_animation&quot;:&quot;fadeInUp&quot;}\" data-widget_type=\"heading.default\">\n\t\t\t\t<div class=\"elementor-widget-container\">\n\t\t\t\t\t<h1 class=\"elementor-heading-title elementor-size-default\">Tarjetas de Regalo<\/h1>\t\t\t\t<\/div>\n\t\t\t\t<\/div>\n\t\t\t\t\t<\/div>\n\t\t\t\t<\/div>\n\t\t\t\t<\/div>\n\t\t<div class=\"elementor-element elementor-element-2a25ea3 e-con-full e-flex e-con e-child\" data-id=\"2a25ea3\" data-element_type=\"container\">\n\t\t<div class=\"elementor-element elementor-element-6fafd25 e-flex e-con-boxed e-con e-child\" data-id=\"6fafd25\" data-element_type=\"container\">\n\t\t\t\t\t<div class=\"e-con-inner\">\n\t\t<div class=\"elementor-element elementor-element-c0313f0 e-con-full e-flex elementor-invisible e-con e-child\" data-id=\"c0313f0\" data-element_type=\"container\" data-settings=\"{&quot;animation&quot;:&quot;fadeInLeft&quot;,&quot;animation_tablet&quot;:&quot;fadeIn&quot;}\">\n\t\t\t\t<div class=\"elementor-element elementor-element-1a0de44 elementor-widget elementor-widget-heading\" data-id=\"1a0de44\" data-element_type=\"widget\" data-widget_type=\"heading.default\">\n\t\t\t\t<div class=\"elementor-widget-container\">\n\t\t\t\t\t<h2 class=\"elementor-heading-title elementor-size-default\">REGALE EXPERIENCIAS INOLVIDABLES<\/h2>\t\t\t\t<\/div>\n\t\t\t\t<\/div>\n\t\t\t\t<div class=\"elementor-element elementor-element-d9c9b2e elementor-widget elementor-widget-text-editor\" data-id=\"d9c9b2e\" data-element_type=\"widget\" data-widget_type=\"text-editor.default\">\n\t\t\t\t<div class=\"elementor-widget-container\">\n\t\t\t\t\t\t\t\t\t<p>Disfrute del regalo perfecto con las tarjetas de regalo de Valley View Casino &amp; Hotel. Consienta a sus seres queridos con una experiencia culinaria excepcional y emocionantes juegos, con denominaciones de $25, $50 y $100. D\u00e9jese llevar en un viaje culinario en nuestros restaurantes premiados y experimente la emoci\u00f3n de nuestras m\u00e1quinas tragamonedas y juegos de mesa.  <\/p>\t\t\t\t\t\t\t\t<\/div>\n\t\t\t\t<\/div>\n\t\t\t\t<\/div>\n\t\t<div class=\"elementor-element elementor-element-e50c91f vv-dining-slider__container e-flex e-con-boxed elementor-invisible e-con e-child\" data-id=\"e50c91f\" data-element_type=\"container\" data-settings=\"{&quot;animation&quot;:&quot;fadeInRight&quot;,&quot;animation_tablet&quot;:&quot;fadeIn&quot;}\">\n\t\t\t\t\t<div class=\"e-con-inner\">\n\t\t\t\t<div class=\"elementor-element elementor-element-aa797fd elementor-widget elementor-widget-image\" data-id=\"aa797fd\" data-element_type=\"widget\" data-widget_type=\"image.default\">\n\t\t\t\t<div class=\"elementor-widget-container\">\n\t\t\t\t\t\t\t\t\t\t\t\t\t\t\t<img fetchpriority=\"high\" decoding=\"async\" width=\"800\" height=\"450\" src=\"https:\/\/valleyviewcasino.com\/wp-content\/uploads\/2025\/04\/Hero-Gift-Cards-800X450.jpg\" class=\"attachment-large size-large wp-image-4278\" alt=\"\" srcset=\"https:\/\/valleyviewcasino.com\/wp-content\/uploads\/2025\/04\/Hero-Gift-Cards-800X450.jpg 900w, https:\/\/valleyviewcasino.com\/wp-content\/uploads\/2025\/04\/Hero-Gift-Cards-800X450-300x169.jpg 300w, https:\/\/valleyviewcasino.com\/wp-content\/uploads\/2025\/04\/Hero-Gift-Cards-800X450-768x432.jpg 768w\" sizes=\"(max-width: 800px) 100vw, 800px\" \/>\t\t\t\t\t\t\t\t\t\t\t\t\t\t\t<\/div>\n\t\t\t\t<\/div>\n\t\t\t\t\t<\/div>\n\t\t\t\t<\/div>\n\t\t\t\t\t<\/div>\n\t\t\t\t<\/div>\n\t\t\t\t<\/div>\n\t\t<div class=\"elementor-element elementor-element-79e0964 e-con-full e-flex e-con e-child\" data-id=\"79e0964\" data-element_type=\"container\">\n\t\t<div class=\"elementor-element elementor-element-8493b1c e-flex e-con-boxed elementor-invisible e-con e-child\" data-id=\"8493b1c\" data-element_type=\"container\" data-settings=\"{&quot;animation&quot;:&quot;fadeInUp&quot;}\">\n\t\t\t\t\t<div class=\"e-con-inner\">\n\t\t<div class=\"elementor-element elementor-element-189539c e-con-full e-flex elementor-invisible e-con e-child\" data-id=\"189539c\" data-element_type=\"container\" data-settings=\"{&quot;animation&quot;:&quot;fadeInRight&quot;,&quot;animation_tablet&quot;:&quot;fadeIn&quot;}\">\n\t\t\t\t<div class=\"elementor-element elementor-element-a8849ba elementor-widget elementor-widget-text-editor\" data-id=\"a8849ba\" data-element_type=\"widget\" data-widget_type=\"text-editor.default\">\n\t\t\t\t<div class=\"elementor-widget-container\">\n\t\t\t\t\t\t\t\t\t<h4>\u00bfPor qu\u00e9 comprar una tarjeta de regalo?<\/h4>\n<ul>\n \t<li>Perfecto para cualquier ocasi\u00f3n: Ya sea un cumplea\u00f1os, aniversario o un gesto de agradecimiento, las tarjetas de regalo de Valley View Casino &amp; Hotel son el regalo ideal.<\/li>\n \t<li>Disponibles en el cajero del casino: Obtenga sus tarjetas de regalo de Valley View Casino &amp; Hotel de manera conveniente con nuestros cajeros del casino.<\/li>\n \t<li>Redimir en el cajero del casino: Para canjear su tarjeta m\u00e1s f\u00e1cil y r\u00e1pido, los hu\u00e9spedes pueden redimir su tarjeta de regalo en nuestro mostrador de cajero del casino y disfrutar de la amplia variedad de experiencias culinarias, bares y juegos.<\/li>\n<\/ul>\t\t\t\t\t\t\t\t<\/div>\n\t\t\t\t<\/div>\n\t\t\t\t<\/div>\n\t\t\t\t\t<\/div>\n\t\t\t\t<\/div>\n\t\t\t\t<\/div>\n\t\t\t\t<\/div>\n\t\t","protected":false},"excerpt":{"rendered":"<p>REGALE EXPERIENCIAS INOLVIDABLES Disfrute del regalo perfecto con las tarjetas de regalo de Valley View Casino &amp; Hotel. Consienta a sus seres queridos con una experiencia culinaria excepcional y emocionantes [&hellip;]<\/p>\n","protected":false},"author":2,"featured_media":4292,"parent":4552,"menu_order":0,"comment_status":"closed","ping_status":"closed","template":"","meta":{"_acf_changed":false,"inline_featured_image":false,"footnotes":""},"class_list":["post-4614","page","type-page","status-publish","has-post-thumbnail","hentry"],"acf":[],"_links":{"self":[{"href":"https:\/\/valleyviewcasino.com\/es\/wp-json\/wp\/v2\/pages\/4614","targetHints":{"allow":["GET"]}}],"collection":[{"href":"https:\/\/valleyviewcasino.com\/es\/wp-json\/wp\/v2\/pages"}],"about":[{"href":"https:\/\/valleyviewcasino.com\/es\/wp-json\/wp\/v2\/types\/page"}],"author":[{"embeddable":true,"href":"https:\/\/valleyviewcasino.com\/es\/wp-json\/wp\/v2\/users\/2"}],"replies":[{"embeddable":true,"href":"https:\/\/valleyviewcasino.com\/es\/wp-json\/wp\/v2\/comments?post=4614"}],"version-history":[{"count":9,"href":"https:\/\/valleyviewcasino.com\/es\/wp-json\/wp\/v2\/pages\/4614\/revisions"}],"predecessor-version":[{"id":7879,"href":"https:\/\/valleyviewcasino.com\/es\/wp-json\/wp\/v2\/pages\/4614\/revisions\/7879"}],"up":[{"embeddable":true,"href":"https:\/\/valleyviewcasino.com\/es\/wp-json\/wp\/v2\/pages\/4552"}],"wp:featuredmedia":[{"embeddable":true,"href":"https:\/\/valleyviewcasino.com\/es\/wp-json\/wp\/v2\/media\/4292"}],"wp:attachment":[{"href":"https:\/\/valleyviewcasino.com\/es\/wp-json\/wp\/v2\/media?parent=4614"}],"curies":[{"name":"wp","href":"https:\/\/api.w.org\/{rel}","templated":true}]}}