{"id":4515,"date":"2024-12-11T11:08:13","date_gmt":"2024-12-11T19:08:13","guid":{"rendered":"https:\/\/valleyviewcasino.com\/suite-de-lujo\/"},"modified":"2025-04-29T13:25:29","modified_gmt":"2025-04-29T20:25:29","slug":"suite-de-lujo","status":"publish","type":"page","link":"https:\/\/valleyviewcasino.com\/es\/hotel\/habitaciones\/suite-de-lujo\/","title":{"rendered":"Suite de Lujo"},"content":{"rendered":"\t\t<div data-elementor-type=\"wp-page\" data-elementor-id=\"4515\" class=\"elementor elementor-4515 elementor-611\" data-elementor-post-type=\"page\">\n\t\t\t\t<div class=\"elementor-element elementor-element-521ea72 e-con-full hero-child-pages e-flex e-con e-parent\" data-id=\"521ea72\" data-element_type=\"container\" data-settings=\"{&quot;background_background&quot;:&quot;classic&quot;}\">\n\t\t<div class=\"elementor-element elementor-element-3bd3bec e-flex e-con-boxed e-con e-child\" data-id=\"3bd3bec\" data-element_type=\"container\" data-settings=\"{&quot;background_background&quot;:&quot;gradient&quot;}\">\n\t\t\t\t\t<div class=\"e-con-inner\">\n\t\t\t\t<div class=\"elementor-element elementor-element-1b223ce gradient-text elementor-invisible elementor-widget elementor-widget-heading\" data-id=\"1b223ce\" data-element_type=\"widget\" data-settings=\"{&quot;_animation&quot;:&quot;fadeInUp&quot;}\" data-widget_type=\"heading.default\">\n\t\t\t\t<div class=\"elementor-widget-container\">\n\t\t\t\t\t<h1 class=\"elementor-heading-title elementor-size-default\">Suite de Lujo<\/h1>\t\t\t\t<\/div>\n\t\t\t\t<\/div>\n\t\t\t\t\t<\/div>\n\t\t\t\t<\/div>\n\t\t\t\t<\/div>\n\t\t<div class=\"elementor-element elementor-element-0107f6f e-con-full e-flex e-con e-child\" data-id=\"0107f6f\" data-element_type=\"container\">\n\t\t<div class=\"elementor-element elementor-element-d523a0d e-flex e-con-boxed e-con e-child\" data-id=\"d523a0d\" data-element_type=\"container\">\n\t\t\t\t\t<div class=\"e-con-inner\">\n\t\t<div class=\"elementor-element elementor-element-eb3d0a7 e-con-full e-flex elementor-invisible e-con e-child\" data-id=\"eb3d0a7\" data-element_type=\"container\" data-settings=\"{&quot;animation&quot;:&quot;fadeInLeft&quot;,&quot;animation_tablet&quot;:&quot;fadeIn&quot;}\">\n\t\t\t\t<div class=\"elementor-element elementor-element-7b09056 elementor-widget elementor-widget-image\" data-id=\"7b09056\" data-element_type=\"widget\" data-widget_type=\"image.default\">\n\t\t\t\t<div class=\"elementor-widget-container\">\n\t\t\t\t\t\t\t\t\t\t\t\t\t\t\t<img decoding=\"async\" width=\"150\" height=\"150\" src=\"https:\/\/valleyviewcasino.com\/wp-content\/uploads\/2025\/04\/VVC_Hotel-Gold-Chip-150x150.png\" class=\"attachment-thumbnail size-thumbnail wp-image-5633\" alt=\"\" srcset=\"https:\/\/valleyviewcasino.com\/wp-content\/uploads\/2025\/04\/VVC_Hotel-Gold-Chip-150x150.png 150w, https:\/\/valleyviewcasino.com\/wp-content\/uploads\/2025\/04\/VVC_Hotel-Gold-Chip-300x300.png 300w, https:\/\/valleyviewcasino.com\/wp-content\/uploads\/2025\/04\/VVC_Hotel-Gold-Chip-768x767.png 768w, https:\/\/valleyviewcasino.com\/wp-content\/uploads\/2025\/04\/VVC_Hotel-Gold-Chip.png 923w\" sizes=\"(max-width: 150px) 100vw, 150px\" \/>\t\t\t\t\t\t\t\t\t\t\t\t\t\t\t<\/div>\n\t\t\t\t<\/div>\n\t\t\t\t<div class=\"elementor-element elementor-element-428b5af elementor-widget elementor-widget-text-editor\" data-id=\"428b5af\" data-element_type=\"widget\" data-widget_type=\"text-editor.default\">\n\t\t\t\t<div class=\"elementor-widget-container\">\n\t\t\t\t\t\t\t\t\tCada suite de lujo de un dormitorio, de 1,050 pies cuadrados, cuenta con una sala de estar independiente perfecta para relajarse y disfrutar de incre\u00edbles vistas a las monta\u00f1as. Disfrutar\u00e1 del descanso y la relajaci\u00f3n en la comodidad de esta suite magn\u00edficamente decorada en nuestro hotel boutique, con desayuno de cortes\u00eda y m\u00e1s. En Valley View, nuestro hotel <a href=\"https:\/\/valleyviewcasino.com\/casino\/\">casino<\/a> de lujo le permitir\u00e1 recargar energ\u00edas antes de volver a toda la emoci\u00f3n del casino.  \t\t\t\t\t\t\t\t<\/div>\n\t\t\t\t<\/div>\n\t\t\t\t<\/div>\n\t\t<div class=\"elementor-element elementor-element-3ec0e52 vv-dining-slider__container e-flex e-con-boxed elementor-invisible e-con e-child\" data-id=\"3ec0e52\" data-element_type=\"container\" data-settings=\"{&quot;animation&quot;:&quot;fadeInRight&quot;,&quot;animation_tablet&quot;:&quot;fadeIn&quot;}\">\n\t\t\t\t\t<div class=\"e-con-inner\">\n\t\t\t\t<div class=\"elementor-element elementor-element-a5b3fe3 vv_dining__slider elementor-widget-tablet__width-initial elementor-widget elementor-widget-image-carousel\" data-id=\"a5b3fe3\" data-element_type=\"widget\" data-settings=\"{&quot;slides_to_show&quot;:&quot;1&quot;,&quot;slides_to_show_tablet&quot;:&quot;1&quot;,&quot;navigation&quot;:&quot;none&quot;,&quot;effect&quot;:&quot;fade&quot;,&quot;autoplay_speed&quot;:4000,&quot;autoplay&quot;:&quot;yes&quot;,&quot;pause_on_hover&quot;:&quot;yes&quot;,&quot;pause_on_interaction&quot;:&quot;yes&quot;,&quot;infinite&quot;:&quot;yes&quot;,&quot;speed&quot;:500}\" data-widget_type=\"image-carousel.default\">\n\t\t\t\t<div class=\"elementor-widget-container\">\n\t\t\t\t\t\t\t<div class=\"elementor-image-carousel-wrapper swiper\" role=\"region\" aria-roledescription=\"carousel\" aria-label=\"Cafe Carousel\" dir=\"ltr\">\n\t\t\t<div class=\"elementor-image-carousel swiper-wrapper\" aria-live=\"off\">\n\t\t\t\t\t\t\t\t<div class=\"swiper-slide\" role=\"group\" aria-roledescription=\"slide\" aria-label=\"1 de 5\"><figure class=\"swiper-slide-inner\"><img decoding=\"async\" class=\"swiper-slide-image\" src=\"https:\/\/valleyviewcasino.com\/wp-content\/uploads\/2025\/04\/Hotel-Luxury-Suite-2025-1.webp\" alt=\"Hotel-Luxury-Suite-2025.webp\" \/><\/figure><\/div><div class=\"swiper-slide\" role=\"group\" aria-roledescription=\"slide\" aria-label=\"2 de 5\"><figure class=\"swiper-slide-inner\"><img decoding=\"async\" class=\"swiper-slide-image\" src=\"https:\/\/valleyviewcasino.com\/wp-content\/uploads\/2025\/04\/Lux-Suite-Couple_2025-2.webp\" alt=\"Lux-Suite-Couple_2025.webp\" \/><\/figure><\/div><div class=\"swiper-slide\" role=\"group\" aria-roledescription=\"slide\" aria-label=\"3 de 5\"><figure class=\"swiper-slide-inner\"><img decoding=\"async\" class=\"swiper-slide-image\" src=\"https:\/\/valleyviewcasino.com\/wp-content\/uploads\/2025\/04\/Hotel-Suite-2021-1.webp\" alt=\"Hotel-Suite-2021.webp\" \/><\/figure><\/div><div class=\"swiper-slide\" role=\"group\" aria-roledescription=\"slide\" aria-label=\"4 de 5\"><figure class=\"swiper-slide-inner\"><img decoding=\"async\" class=\"swiper-slide-image\" src=\"https:\/\/valleyviewcasino.com\/wp-content\/uploads\/2025\/04\/gallery_lux_3-1.jpg\" alt=\"gallery_lux_3.jpg\" \/><\/figure><\/div><div class=\"swiper-slide\" role=\"group\" aria-roledescription=\"slide\" aria-label=\"5 de 5\"><figure class=\"swiper-slide-inner\"><img decoding=\"async\" class=\"swiper-slide-image\" src=\"https:\/\/valleyviewcasino.com\/wp-content\/uploads\/2025\/04\/Lux-Suite-Couple_Black-Jack-1.webp\" alt=\"Lux-Suite-Couple_Black-Jack.webp\" \/><\/figure><\/div>\t\t\t<\/div>\n\t\t\t\t\t\t\t\n\t\t\t\t\t\t\t\t\t<\/div>\n\t\t\t\t\t\t<\/div>\n\t\t\t\t<\/div>\n\t\t\t\t\t<\/div>\n\t\t\t\t<\/div>\n\t\t\t\t\t<\/div>\n\t\t\t\t<\/div>\n\t\t\t\t<\/div>\n\t\t<div class=\"elementor-element elementor-element-6e20b49 e-con-full e-flex elementor-invisible e-con e-parent\" data-id=\"6e20b49\" data-element_type=\"container\" data-settings=\"{&quot;animation&quot;:&quot;fadeInLeft&quot;}\">\n\t\t<div class=\"elementor-element elementor-element-10d4ec9 e-flex e-con-boxed e-con e-child\" data-id=\"10d4ec9\" data-element_type=\"container\">\n\t\t\t\t\t<div class=\"e-con-inner\">\n\t\t\t\t<div class=\"elementor-element elementor-element-7d48e40 elementor-widget elementor-widget-text-editor\" data-id=\"7d48e40\" data-element_type=\"widget\" data-widget_type=\"text-editor.default\">\n\t\t\t\t<div class=\"elementor-widget-container\">\n\t\t\t\t\t\t\t\t\t<h4>Caracter\u00edsticas de la Suite de Lujo<\/h4>\n<ul>\n    <li>Cama King y sof\u00e1 cama<\/li>\n    <li>Sala de estar independiente<\/li>\n    <li>Dormitorio de gran tama\u00f1o, sala de estar independiente que incluye sof\u00e1, mesa de caf\u00e9, mesa para sentarse, televisor de alta definici\u00f3n de 52 pulgadas, lujosa cama con plataforma, s\u00e1banas de 300 hilos, refrigerador personal y microondas, acceso gratuito a Internet inal\u00e1mbrico de alta velocidad y tel\u00e9fono<\/li>\n    <li>Pisos y mostradores de m\u00e1rmol y granito importados en el ba\u00f1o, espejos de tocador dobles, ducha con puerta de vidrio, ba\u00f1era y secadora para cabello<\/li>\n    <li>Desayuno VIP de cortes\u00eda todos los d\u00edas<\/li>\n    <li>Agua embotellada, refrescos y caf\u00e9 de cortes\u00eda<\/li>\n    <li><a href=\"https:\/\/valleyviewcasino.com\/casino\/non-smoking\/\">Habitaci\u00f3n para no fumadores<\/a><\/li>\n    <li>Sin tarifas de estacionamiento<\/li>\n    <li>Sin tarifas de resort<\/li>\n    <li>Sin impuestos<\/li>\n<\/ul>\n\t\t\t\t\t\t\t\t<\/div>\n\t\t\t\t<\/div>\n\t\t\t\t\t<\/div>\n\t\t\t\t<\/div>\n\t\t\t\t<\/div>\n\t\t<div class=\"elementor-element elementor-element-4100cdd guest-review-slider-container e-flex e-con-boxed elementor-invisible e-con e-parent\" data-id=\"4100cdd\" data-element_type=\"container\" data-settings=\"{&quot;animation&quot;:&quot;fadeInRight&quot;}\">\n\t\t\t\t\t<div class=\"e-con-inner\">\n\t\t<div class=\"elementor-element elementor-element-90b2219 e-flex e-con-boxed e-con e-child\" data-id=\"90b2219\" data-element_type=\"container\">\n\t\t\t\t\t<div class=\"e-con-inner\">\n\t\t\t\t<div class=\"elementor-element elementor-element-173f4b8 elementor-widget elementor-widget-heading\" data-id=\"173f4b8\" data-element_type=\"widget\" data-widget_type=\"heading.default\">\n\t\t\t\t<div class=\"elementor-widget-container\">\n\t\t\t\t\t<h2 class=\"elementor-heading-title elementor-size-default\">COMENTARIOS DE LOS HU\u00c9SPEDES<\/h2>\t\t\t\t<\/div>\n\t\t\t\t<\/div>\n\t\t\t\t<div class=\"elementor-element elementor-element-58105bb elementor-testimonial--skin-default elementor-testimonial--layout-image_inline elementor-testimonial--align-center elementor-widget elementor-widget-testimonial-carousel\" data-id=\"58105bb\" data-element_type=\"widget\" data-settings=\"{&quot;speed&quot;:500,&quot;autoplay&quot;:&quot;yes&quot;,&quot;autoplay_speed&quot;:5000,&quot;loop&quot;:&quot;yes&quot;,&quot;pause_on_hover&quot;:&quot;yes&quot;,&quot;pause_on_interaction&quot;:&quot;yes&quot;,&quot;space_between&quot;:{&quot;unit&quot;:&quot;px&quot;,&quot;size&quot;:10,&quot;sizes&quot;:[]},&quot;space_between_tablet&quot;:{&quot;unit&quot;:&quot;px&quot;,&quot;size&quot;:10,&quot;sizes&quot;:[]},&quot;space_between_mobile&quot;:{&quot;unit&quot;:&quot;px&quot;,&quot;size&quot;:10,&quot;sizes&quot;:[]}}\" data-widget_type=\"testimonial-carousel.default\">\n\t\t\t\t<div class=\"elementor-widget-container\">\n\t\t\t\t\t\t\t\t\t<div class=\"elementor-swiper\">\n\t\t\t\t\t<div class=\"elementor-main-swiper swiper\" role=\"region\" aria-roledescription=\"carousel\" aria-label=\"Slides\">\n\t\t\t\t<div class=\"swiper-wrapper\">\n\t\t\t\t\t\t\t\t\t\t\t<div class=\"swiper-slide\" role=\"group\" aria-roledescription=\"slide\">\n\t\t\t\t\t\t\t\t\t<div class=\"elementor-testimonial\">\n\t\t\t\t\t\t\t<div class=\"elementor-testimonial__content\">\n\t\t\t\t\t<div class=\"elementor-testimonial__text\">\n\t\t\t\t\t\t<p>El hotel es muy hermoso y limpio. Todo el personal es muy amigable y servicial. Este fue un escape maravilloso de la vida cotidiana. Nos encanta venir aqui.   <\/p>\n\t\t\t\t\t<\/div>\n\t\t\t\t\t\t\t\t\t<\/div>\n\t\t\t\t\t\t<div class=\"elementor-testimonial__footer\">\n\t\t\t\t\t\t\t\t<cite class=\"elementor-testimonial__cite\"><span class=\"elementor-testimonial__name\">John D.<\/span><span class=\"elementor-testimonial__title\">- de Whittier<\/span><\/cite>\t\t\t<\/div>\n\t\t<\/div>\n\t\t\t\t\t\t\t\t<\/div>\n\t\t\t\t\t\t\t\t\t\t\t<div class=\"swiper-slide\" role=\"group\" aria-roledescription=\"slide\">\n\t\t\t\t\t\t\t\t\t<div class=\"elementor-testimonial\">\n\t\t\t\t\t\t\t<div class=\"elementor-testimonial__content\">\n\t\t\t\t\t<div class=\"elementor-testimonial__text\">\n\t\t\t\t\t\t<p>Un hermoso hotel, nuestra habilaci\u00f3n ten\u00eda una vista incredible de las monta\u00f1as, de la alberca y los alrededores. La habitaci\u00f3n era muy grande, limpia y moderna. La cama estaba muy comoda y despert\u00e9 la ma\u00f1ana siguiente sintiendome realmente rejuvenecida. La habitaci\u00f3n es motivo suficiente para visitar Valley View.    <\/p>\n\t\t\t\t\t<\/div>\n\t\t\t\t\t\t\t\t\t<\/div>\n\t\t\t\t\t\t<div class=\"elementor-testimonial__footer\">\n\t\t\t\t\t\t\t\t<cite class=\"elementor-testimonial__cite\"><span class=\"elementor-testimonial__name\">Cara D.<\/span><span class=\"elementor-testimonial__title\">- de Glendale<\/span><\/cite>\t\t\t<\/div>\n\t\t<\/div>\n\t\t\t\t\t\t\t\t<\/div>\n\t\t\t\t\t\t\t\t\t\t\t<div class=\"swiper-slide\" role=\"group\" aria-roledescription=\"slide\">\n\t\t\t\t\t\t\t\t\t<div class=\"elementor-testimonial\">\n\t\t\t\t\t\t\t<div class=\"elementor-testimonial__content\">\n\t\t\t\t\t<div class=\"elementor-testimonial__text\">\n\t\t\t\t\t\t<p>Nuestra habitaci\u00f3n estaba extremadamente limpia, muy bien decorada y bastante grande para ser una habitacion estandar. Hemos visitado varios de los casinos del \u00e1rea y ninguno se comapara con Valley View.  <\/p>\n\t\t\t\t\t<\/div>\n\t\t\t\t\t\t\t\t\t<\/div>\n\t\t\t\t\t\t<div class=\"elementor-testimonial__footer\">\n\t\t\t\t\t\t\t\t<cite class=\"elementor-testimonial__cite\"><span class=\"elementor-testimonial__name\">Corinne W.<\/span><span class=\"elementor-testimonial__title\">- de Arcadia<\/span><\/cite>\t\t\t<\/div>\n\t\t<\/div>\n\t\t\t\t\t\t\t\t<\/div>\n\t\t\t\t\t\t\t\t\t<\/div>\n\t\t\t\t\t\t\t\t\t\t\t\t\t\t\t\t\t\t\t\t\t<\/div>\n\t\t\t\t<\/div>\n\t\t\t\t\t\t\t\t<\/div>\n\t\t\t\t<\/div>\n\t\t\t\t\t<\/div>\n\t\t\t\t<\/div>\n\t\t\t\t\t<\/div>\n\t\t\t\t<\/div>\n\t\t\t\t<\/div>\n\t\t","protected":false},"excerpt":{"rendered":"<p>Cada suite de lujo de un dormitorio, de 1,050 pies cuadrados, cuenta con una sala de estar independiente perfecta para relajarse y disfrutar de incre\u00edbles vistas a las monta\u00f1as. Disfrutar\u00e1 [&hellip;]<\/p>\n","protected":false},"author":2,"featured_media":4339,"parent":8670,"menu_order":0,"comment_status":"closed","ping_status":"closed","template":"","meta":{"_acf_changed":false,"inline_featured_image":false,"footnotes":""},"class_list":["post-4515","page","type-page","status-publish","has-post-thumbnail","hentry"],"acf":[],"_links":{"self":[{"href":"https:\/\/valleyviewcasino.com\/es\/wp-json\/wp\/v2\/pages\/4515","targetHints":{"allow":["GET"]}}],"collection":[{"href":"https:\/\/valleyviewcasino.com\/es\/wp-json\/wp\/v2\/pages"}],"about":[{"href":"https:\/\/valleyviewcasino.com\/es\/wp-json\/wp\/v2\/types\/page"}],"author":[{"embeddable":true,"href":"https:\/\/valleyviewcasino.com\/es\/wp-json\/wp\/v2\/users\/2"}],"replies":[{"embeddable":true,"href":"https:\/\/valleyviewcasino.com\/es\/wp-json\/wp\/v2\/comments?post=4515"}],"version-history":[{"count":10,"href":"https:\/\/valleyviewcasino.com\/es\/wp-json\/wp\/v2\/pages\/4515\/revisions"}],"predecessor-version":[{"id":8397,"href":"https:\/\/valleyviewcasino.com\/es\/wp-json\/wp\/v2\/pages\/4515\/revisions\/8397"}],"up":[{"embeddable":true,"href":"https:\/\/valleyviewcasino.com\/es\/wp-json\/wp\/v2\/pages\/8670"}],"wp:featuredmedia":[{"embeddable":true,"href":"https:\/\/valleyviewcasino.com\/es\/wp-json\/wp\/v2\/media\/4339"}],"wp:attachment":[{"href":"https:\/\/valleyviewcasino.com\/es\/wp-json\/wp\/v2\/media?parent=4515"}],"curies":[{"name":"wp","href":"https:\/\/api.w.org\/{rel}","templated":true}]}}