{"id":4513,"date":"2024-12-11T11:07:36","date_gmt":"2024-12-11T19:07:36","guid":{"rendered":"https:\/\/valleyviewcasino.com\/habitacion-deluxe\/"},"modified":"2025-04-30T15:47:30","modified_gmt":"2025-04-30T22:47:30","slug":"habitacion-deluxe","status":"publish","type":"page","link":"https:\/\/valleyviewcasino.com\/es\/hotel\/habitaciones\/habitacion-deluxe\/","title":{"rendered":"Habitaci\u00f3n Deluxe"},"content":{"rendered":"\t\t<div data-elementor-type=\"wp-page\" data-elementor-id=\"4513\" class=\"elementor elementor-4513 elementor-610\" data-elementor-post-type=\"page\">\n\t\t\t\t<div class=\"elementor-element elementor-element-12c909d e-con-full hero-child-pages e-flex e-con e-parent\" data-id=\"12c909d\" data-element_type=\"container\" data-settings=\"{&quot;background_background&quot;:&quot;classic&quot;}\">\n\t\t<div class=\"elementor-element elementor-element-ab7bdd6 e-flex e-con-boxed e-con e-child\" data-id=\"ab7bdd6\" data-element_type=\"container\" data-settings=\"{&quot;background_background&quot;:&quot;gradient&quot;}\">\n\t\t\t\t\t<div class=\"e-con-inner\">\n\t\t\t\t<div class=\"elementor-element elementor-element-2ec8332 gradient-text elementor-invisible elementor-widget elementor-widget-heading\" data-id=\"2ec8332\" data-element_type=\"widget\" data-settings=\"{&quot;_animation&quot;:&quot;fadeInUp&quot;}\" data-widget_type=\"heading.default\">\n\t\t\t\t<div class=\"elementor-widget-container\">\n\t\t\t\t\t<h1 class=\"elementor-heading-title elementor-size-default\">Habitaci\u00f3n Deluxe<\/h1>\t\t\t\t<\/div>\n\t\t\t\t<\/div>\n\t\t\t\t\t<\/div>\n\t\t\t\t<\/div>\n\t\t\t\t<\/div>\n\t\t<div class=\"elementor-element elementor-element-dc34b57 e-con-full e-flex e-con e-child\" data-id=\"dc34b57\" data-element_type=\"container\">\n\t\t<div class=\"elementor-element elementor-element-aa04008 e-flex e-con-boxed e-con e-child\" data-id=\"aa04008\" data-element_type=\"container\">\n\t\t\t\t\t<div class=\"e-con-inner\">\n\t\t<div class=\"elementor-element elementor-element-92c3cfc e-con-full e-flex elementor-invisible e-con e-child\" data-id=\"92c3cfc\" data-element_type=\"container\" data-settings=\"{&quot;animation&quot;:&quot;fadeInLeft&quot;,&quot;animation_tablet&quot;:&quot;fadeIn&quot;}\">\n\t\t\t\t<div class=\"elementor-element elementor-element-e9380bc elementor-widget elementor-widget-image\" data-id=\"e9380bc\" data-element_type=\"widget\" data-widget_type=\"image.default\">\n\t\t\t\t<div class=\"elementor-widget-container\">\n\t\t\t\t\t\t\t\t\t\t\t\t\t\t\t<img decoding=\"async\" width=\"150\" height=\"150\" src=\"https:\/\/valleyviewcasino.com\/wp-content\/uploads\/2025\/04\/VVC_Hotel-Gold-Chip-150x150.png\" class=\"attachment-thumbnail size-thumbnail wp-image-5633\" alt=\"\" srcset=\"https:\/\/valleyviewcasino.com\/wp-content\/uploads\/2025\/04\/VVC_Hotel-Gold-Chip-150x150.png 150w, https:\/\/valleyviewcasino.com\/wp-content\/uploads\/2025\/04\/VVC_Hotel-Gold-Chip-300x300.png 300w, https:\/\/valleyviewcasino.com\/wp-content\/uploads\/2025\/04\/VVC_Hotel-Gold-Chip-768x767.png 768w, https:\/\/valleyviewcasino.com\/wp-content\/uploads\/2025\/04\/VVC_Hotel-Gold-Chip.png 923w\" sizes=\"(max-width: 150px) 100vw, 150px\" \/>\t\t\t\t\t\t\t\t\t\t\t\t\t\t\t<\/div>\n\t\t\t\t<\/div>\n\t\t\t\t<div class=\"elementor-element elementor-element-9213055 elementor-widget elementor-widget-text-editor\" data-id=\"9213055\" data-element_type=\"widget\" data-widget_type=\"text-editor.default\">\n\t\t\t\t<div class=\"elementor-widget-container\">\n\t\t\t\t\t\t\t\t\t<p>T\u00f3mese un descanso de la emoci\u00f3n del casino en una de las habitaciones Deluxe bellamente amuebladas de nuestro hotel casino en San Diego. Las habitaciones Deluxe de nuestro hotel casino de San Diego cuentan con 520 pies cuadrados de comodidad con impresionantes vistas de la extensa Cordillera de Palomar. En Valley View, esta experiencia de lujo le permitir\u00e1 relajarse y recargar energ\u00edas antes de volver a toda la emoci\u00f3n que ofrece nuestro <a href=\"https:\/\/valleyviewcasino.com\/es\/casino\/\">casino<\/a>.  <\/p>\t\t\t\t\t\t\t\t<\/div>\n\t\t\t\t<\/div>\n\t\t\t\t<\/div>\n\t\t<div class=\"elementor-element elementor-element-8105c90 vv-dining-slider__container e-flex e-con-boxed elementor-invisible e-con e-child\" data-id=\"8105c90\" data-element_type=\"container\" data-settings=\"{&quot;animation&quot;:&quot;fadeInRight&quot;,&quot;animation_tablet&quot;:&quot;fadeIn&quot;}\">\n\t\t\t\t\t<div class=\"e-con-inner\">\n\t\t\t\t<div class=\"elementor-element elementor-element-1b03561 vv_dining__slider elementor-widget-tablet__width-initial elementor-widget elementor-widget-image-carousel\" data-id=\"1b03561\" data-element_type=\"widget\" data-settings=\"{&quot;slides_to_show&quot;:&quot;1&quot;,&quot;slides_to_show_tablet&quot;:&quot;1&quot;,&quot;navigation&quot;:&quot;none&quot;,&quot;effect&quot;:&quot;fade&quot;,&quot;autoplay_speed&quot;:4000,&quot;autoplay&quot;:&quot;yes&quot;,&quot;pause_on_hover&quot;:&quot;yes&quot;,&quot;pause_on_interaction&quot;:&quot;yes&quot;,&quot;infinite&quot;:&quot;yes&quot;,&quot;speed&quot;:500}\" data-widget_type=\"image-carousel.default\">\n\t\t\t\t<div class=\"elementor-widget-container\">\n\t\t\t\t\t\t\t<div class=\"elementor-image-carousel-wrapper swiper\" role=\"region\" aria-roledescription=\"carousel\" aria-label=\"Cafe Carousel\" dir=\"ltr\">\n\t\t\t<div class=\"elementor-image-carousel swiper-wrapper\" aria-live=\"off\">\n\t\t\t\t\t\t\t\t<div class=\"swiper-slide\" role=\"group\" aria-roledescription=\"slide\" aria-label=\"1 de 4\"><figure class=\"swiper-slide-inner\"><img decoding=\"async\" class=\"swiper-slide-image\" src=\"https:\/\/valleyviewcasino.com\/wp-content\/uploads\/2025\/04\/Hotel-Deluxe-Suite-2025.webp\" alt=\"Hotel-Deluxe-Suite-2025\" \/><\/figure><\/div><div class=\"swiper-slide\" role=\"group\" aria-roledescription=\"slide\" aria-label=\"2 de 4\"><figure class=\"swiper-slide-inner\"><img decoding=\"async\" class=\"swiper-slide-image\" src=\"https:\/\/valleyviewcasino.com\/wp-content\/uploads\/2025\/04\/Deluxe-Room-Models-1.webp\" alt=\"Deluxe Room Models\" \/><\/figure><\/div><div class=\"swiper-slide\" role=\"group\" aria-roledescription=\"slide\" aria-label=\"3 de 4\"><figure class=\"swiper-slide-inner\"><img decoding=\"async\" class=\"swiper-slide-image\" src=\"https:\/\/valleyviewcasino.com\/wp-content\/uploads\/2025\/04\/gallery_deluxe_2.jpg\" alt=\"gallery_deluxe_2\" \/><\/figure><\/div><div class=\"swiper-slide\" role=\"group\" aria-roledescription=\"slide\" aria-label=\"4 de 4\"><figure class=\"swiper-slide-inner\"><img decoding=\"async\" class=\"swiper-slide-image\" src=\"https:\/\/valleyviewcasino.com\/wp-content\/uploads\/2025\/04\/Models_Room_2-1-e1745022612302.png\" alt=\"Models_Room_2\" \/><\/figure><\/div>\t\t\t<\/div>\n\t\t\t\t\t\t\t\n\t\t\t\t\t\t\t\t\t<\/div>\n\t\t\t\t\t\t<\/div>\n\t\t\t\t<\/div>\n\t\t\t\t\t<\/div>\n\t\t\t\t<\/div>\n\t\t\t\t\t<\/div>\n\t\t\t\t<\/div>\n\t\t\t\t<\/div>\n\t\t<div class=\"elementor-element elementor-element-c6c4074 e-con-full e-flex elementor-invisible e-con e-parent\" data-id=\"c6c4074\" data-element_type=\"container\" data-settings=\"{&quot;animation&quot;:&quot;fadeInLeft&quot;}\">\n\t\t<div class=\"elementor-element elementor-element-a32a46b e-flex e-con-boxed e-con e-child\" data-id=\"a32a46b\" data-element_type=\"container\">\n\t\t\t\t\t<div class=\"e-con-inner\">\n\t\t\t\t<div class=\"elementor-element elementor-element-df70577 elementor-widget elementor-widget-text-editor\" data-id=\"df70577\" data-element_type=\"widget\" data-widget_type=\"text-editor.default\">\n\t\t\t\t<div class=\"elementor-widget-container\">\n\t\t\t\t\t\t\t\t\t<h4>Caracter\u00edsticas de la Habitaci\u00f3n Deluxe<\/h4><ul><li>Escoja entre una cama tama\u00f1o King o dos camas tama\u00f1o Queen<\/li><li>Espectaculares vistas panor\u00e1micas<\/li><li>Ventanales de piso a techo, lujosas plataformas para camas, s\u00e1banas y ropa de cama de 300 hilos, televisi\u00f3n de alta definici\u00f3n de 42 pulgadas, \u00e1rea de descanso, acceso de internet gratuito y tel\u00e9fono<\/li><li>M\u00e1rmol y granito importado en pisos y mostradores de ba\u00f1o, espejos dobles, regadera separada, tina de ba\u00f1o y secadora de pelo<\/li><li>Desayuno VIP de cortes\u00eda todos los d\u00edas<\/li><li>Botellas de agua de cortes\u00eda<\/li><li><a href=\"https:\/\/valleyviewcasino.com\/es\/casino\/casino-libre-de-humo\/\">Habitaci\u00f3n para no fumadores<\/a><\/li><li>Estacionamiento gratuito<\/li><li>Libre de tarifas adicionales<\/li><li>Libre de impuestos<\/li><\/ul>\t\t\t\t\t\t\t\t<\/div>\n\t\t\t\t<\/div>\n\t\t\t\t\t<\/div>\n\t\t\t\t<\/div>\n\t\t\t\t<\/div>\n\t\t<div class=\"elementor-element elementor-element-5f13e34 guest-review-slider-container e-flex e-con-boxed elementor-invisible e-con e-parent\" data-id=\"5f13e34\" data-element_type=\"container\" data-settings=\"{&quot;animation&quot;:&quot;fadeInRight&quot;}\">\n\t\t\t\t\t<div class=\"e-con-inner\">\n\t\t<div class=\"elementor-element elementor-element-ed6bd42 e-flex e-con-boxed e-con e-child\" data-id=\"ed6bd42\" data-element_type=\"container\">\n\t\t\t\t\t<div class=\"e-con-inner\">\n\t\t\t\t<div class=\"elementor-element elementor-element-47704a8 elementor-widget elementor-widget-heading\" data-id=\"47704a8\" data-element_type=\"widget\" data-widget_type=\"heading.default\">\n\t\t\t\t<div class=\"elementor-widget-container\">\n\t\t\t\t\t<h2 class=\"elementor-heading-title elementor-size-default\">COMENTARIOS DE LOS HU\u00c9SPEDES<\/h2>\t\t\t\t<\/div>\n\t\t\t\t<\/div>\n\t\t\t\t<div class=\"elementor-element elementor-element-ce04455 elementor-testimonial--skin-default elementor-testimonial--layout-image_inline elementor-testimonial--align-center elementor-widget elementor-widget-testimonial-carousel\" data-id=\"ce04455\" data-element_type=\"widget\" data-settings=\"{&quot;speed&quot;:500,&quot;autoplay&quot;:&quot;yes&quot;,&quot;autoplay_speed&quot;:5000,&quot;loop&quot;:&quot;yes&quot;,&quot;pause_on_hover&quot;:&quot;yes&quot;,&quot;pause_on_interaction&quot;:&quot;yes&quot;,&quot;space_between&quot;:{&quot;unit&quot;:&quot;px&quot;,&quot;size&quot;:10,&quot;sizes&quot;:[]},&quot;space_between_tablet&quot;:{&quot;unit&quot;:&quot;px&quot;,&quot;size&quot;:10,&quot;sizes&quot;:[]},&quot;space_between_mobile&quot;:{&quot;unit&quot;:&quot;px&quot;,&quot;size&quot;:10,&quot;sizes&quot;:[]}}\" data-widget_type=\"testimonial-carousel.default\">\n\t\t\t\t<div class=\"elementor-widget-container\">\n\t\t\t\t\t\t\t\t\t<div class=\"elementor-swiper\">\n\t\t\t\t\t<div class=\"elementor-main-swiper swiper\" role=\"region\" aria-roledescription=\"carousel\" aria-label=\"Slides\">\n\t\t\t\t<div class=\"swiper-wrapper\">\n\t\t\t\t\t\t\t\t\t\t\t<div class=\"swiper-slide\" role=\"group\" aria-roledescription=\"slide\">\n\t\t\t\t\t\t\t\t\t<div class=\"elementor-testimonial\">\n\t\t\t\t\t\t\t<div class=\"elementor-testimonial__content\">\n\t\t\t\t\t<div class=\"elementor-testimonial__text\">\n\t\t\t\t\t\t<p>El hotel es muy hermoso y limpio. Todo el personal es muy amigable y servicial. Este fue un escape maravilloso de la vida cotidiana. Nos encanta venir aqui.   <\/p>\n\t\t\t\t\t<\/div>\n\t\t\t\t\t\t\t\t\t<\/div>\n\t\t\t\t\t\t<div class=\"elementor-testimonial__footer\">\n\t\t\t\t\t\t\t\t<cite class=\"elementor-testimonial__cite\"><span class=\"elementor-testimonial__name\">John D.<\/span><span class=\"elementor-testimonial__title\">- de Whittier<\/span><\/cite>\t\t\t<\/div>\n\t\t<\/div>\n\t\t\t\t\t\t\t\t<\/div>\n\t\t\t\t\t\t\t\t\t\t\t<div class=\"swiper-slide\" role=\"group\" aria-roledescription=\"slide\">\n\t\t\t\t\t\t\t\t\t<div class=\"elementor-testimonial\">\n\t\t\t\t\t\t\t<div class=\"elementor-testimonial__content\">\n\t\t\t\t\t<div class=\"elementor-testimonial__text\">\n\t\t\t\t\t\t<p>Un hermoso hotel, nuestra habilaci\u00f3n ten\u00eda una vista incredible de las monta\u00f1as, de la alberca y los alrededores. La habitaci\u00f3n era muy grande, limpia y moderna. La cama estaba muy comoda y despert\u00e9 la ma\u00f1ana siguiente sintiendome realmente rejuvenecida. La habitaci\u00f3n es motivo suficiente para visitar Valley View.    <\/p>\n\t\t\t\t\t<\/div>\n\t\t\t\t\t\t\t\t\t<\/div>\n\t\t\t\t\t\t<div class=\"elementor-testimonial__footer\">\n\t\t\t\t\t\t\t\t<cite class=\"elementor-testimonial__cite\"><span class=\"elementor-testimonial__name\">Cara D.<\/span><span class=\"elementor-testimonial__title\">- de Glendale<\/span><\/cite>\t\t\t<\/div>\n\t\t<\/div>\n\t\t\t\t\t\t\t\t<\/div>\n\t\t\t\t\t\t\t\t\t\t\t<div class=\"swiper-slide\" role=\"group\" aria-roledescription=\"slide\">\n\t\t\t\t\t\t\t\t\t<div class=\"elementor-testimonial\">\n\t\t\t\t\t\t\t<div class=\"elementor-testimonial__content\">\n\t\t\t\t\t<div class=\"elementor-testimonial__text\">\n\t\t\t\t\t\t<p>Nuestra habitaci\u00f3n estaba extremadamente limpia, muy bien decorada y bastante grande para ser una habitacion estandar. Hemos visitado varios de los casinos del \u00e1rea y ninguno se comapara con Valley View.  <\/p>\n\t\t\t\t\t<\/div>\n\t\t\t\t\t\t\t\t\t<\/div>\n\t\t\t\t\t\t<div class=\"elementor-testimonial__footer\">\n\t\t\t\t\t\t\t\t<cite class=\"elementor-testimonial__cite\"><span class=\"elementor-testimonial__name\">Corinne W.<\/span><span class=\"elementor-testimonial__title\">- de Arcadia<\/span><\/cite>\t\t\t<\/div>\n\t\t<\/div>\n\t\t\t\t\t\t\t\t<\/div>\n\t\t\t\t\t\t\t\t\t<\/div>\n\t\t\t\t\t\t\t\t\t\t\t\t\t\t\t\t\t\t\t\t\t<\/div>\n\t\t\t\t<\/div>\n\t\t\t\t\t\t\t\t<\/div>\n\t\t\t\t<\/div>\n\t\t\t\t\t<\/div>\n\t\t\t\t<\/div>\n\t\t\t\t\t<\/div>\n\t\t\t\t<\/div>\n\t\t\t\t<\/div>\n\t\t","protected":false},"excerpt":{"rendered":"<p>T\u00f3mese un descanso de la emoci\u00f3n del casino en una de las habitaciones Deluxe bellamente amuebladas de nuestro hotel casino en San Diego. Las habitaciones Deluxe de nuestro hotel casino [&hellip;]<\/p>\n","protected":false},"author":2,"featured_media":4339,"parent":8670,"menu_order":0,"comment_status":"closed","ping_status":"closed","template":"","meta":{"_acf_changed":false,"inline_featured_image":false,"footnotes":""},"class_list":["post-4513","page","type-page","status-publish","has-post-thumbnail","hentry"],"acf":[],"_links":{"self":[{"href":"https:\/\/valleyviewcasino.com\/es\/wp-json\/wp\/v2\/pages\/4513","targetHints":{"allow":["GET"]}}],"collection":[{"href":"https:\/\/valleyviewcasino.com\/es\/wp-json\/wp\/v2\/pages"}],"about":[{"href":"https:\/\/valleyviewcasino.com\/es\/wp-json\/wp\/v2\/types\/page"}],"author":[{"embeddable":true,"href":"https:\/\/valleyviewcasino.com\/es\/wp-json\/wp\/v2\/users\/2"}],"replies":[{"embeddable":true,"href":"https:\/\/valleyviewcasino.com\/es\/wp-json\/wp\/v2\/comments?post=4513"}],"version-history":[{"count":21,"href":"https:\/\/valleyviewcasino.com\/es\/wp-json\/wp\/v2\/pages\/4513\/revisions"}],"predecessor-version":[{"id":8818,"href":"https:\/\/valleyviewcasino.com\/es\/wp-json\/wp\/v2\/pages\/4513\/revisions\/8818"}],"up":[{"embeddable":true,"href":"https:\/\/valleyviewcasino.com\/es\/wp-json\/wp\/v2\/pages\/8670"}],"wp:featuredmedia":[{"embeddable":true,"href":"https:\/\/valleyviewcasino.com\/es\/wp-json\/wp\/v2\/media\/4339"}],"wp:attachment":[{"href":"https:\/\/valleyviewcasino.com\/es\/wp-json\/wp\/v2\/media?parent=4513"}],"curies":[{"name":"wp","href":"https:\/\/api.w.org\/{rel}","templated":true}]}}