{"id":4461,"date":"2024-12-11T10:58:26","date_gmt":"2024-12-11T18:58:26","guid":{"rendered":"https:\/\/valleyviewcasino.com\/los-restaurantes\/the-cafe\/"},"modified":"2026-01-19T16:23:42","modified_gmt":"2026-01-20T00:23:42","slug":"the-cafe","status":"publish","type":"page","link":"https:\/\/valleyviewcasino.com\/es\/los-restaurantes\/the-cafe\/","title":{"rendered":"The Caf\u00e9"},"content":{"rendered":"\t\t<div data-elementor-type=\"wp-page\" data-elementor-id=\"4461\" class=\"elementor elementor-4461 elementor-564\" data-elementor-post-type=\"page\">\n\t\t\t\t<div class=\"elementor-element elementor-element-ba20493 e-con-full hero-child-pages e-flex e-con e-parent\" data-id=\"ba20493\" data-element_type=\"container\" data-settings=\"{&quot;background_background&quot;:&quot;classic&quot;}\">\n\t\t<div class=\"elementor-element elementor-element-fcdddb6 e-flex e-con-boxed e-con e-child\" data-id=\"fcdddb6\" data-element_type=\"container\">\n\t\t\t\t\t<div class=\"e-con-inner\">\n\t\t\t\t<div class=\"elementor-element elementor-element-ebedf15 gradient-text elementor-invisible elementor-widget elementor-widget-heading\" data-id=\"ebedf15\" data-element_type=\"widget\" data-settings=\"{&quot;_animation&quot;:&quot;fadeInUp&quot;}\" data-widget_type=\"heading.default\">\n\t\t\t\t<div class=\"elementor-widget-container\">\n\t\t\t\t\t<h1 class=\"elementor-heading-title elementor-size-default\">The Caf\u00e9<\/h1>\t\t\t\t<\/div>\n\t\t\t\t<\/div>\n\t\t\t\t\t<\/div>\n\t\t\t\t<\/div>\n\t\t\t\t<\/div>\n\t\t<div class=\"elementor-element elementor-element-fe657c6 e-con-full e-flex e-con e-child\" data-id=\"fe657c6\" data-element_type=\"container\">\n\t\t<div class=\"elementor-element elementor-element-c85d1b3 e-flex e-con-boxed e-con e-child\" data-id=\"c85d1b3\" data-element_type=\"container\">\n\t\t\t\t\t<div class=\"e-con-inner\">\n\t\t<div class=\"elementor-element elementor-element-94b48c5 e-con-full e-flex elementor-invisible e-con e-child\" data-id=\"94b48c5\" data-element_type=\"container\" data-settings=\"{&quot;animation&quot;:&quot;fadeInLeft&quot;,&quot;animation_tablet&quot;:&quot;fadeIn&quot;}\">\n\t\t\t\t<div class=\"elementor-element elementor-element-87705cc elementor-widget elementor-widget-image\" data-id=\"87705cc\" data-element_type=\"widget\" data-widget_type=\"image.default\">\n\t\t\t\t<div class=\"elementor-widget-container\">\n\t\t\t\t\t\t\t\t\t\t\t\t\t\t\t<img fetchpriority=\"high\" decoding=\"async\" width=\"800\" height=\"804\" src=\"https:\/\/valleyviewcasino.com\/wp-content\/uploads\/2025\/04\/The-Cafe-Logo-Final\u2122-Gold-White-1019x1024.png\" class=\"attachment-large size-large wp-image-4816\" alt=\"\" srcset=\"https:\/\/valleyviewcasino.com\/wp-content\/uploads\/2025\/04\/The-Cafe-Logo-Final\u2122-Gold-White-1019x1024.png 1019w, https:\/\/valleyviewcasino.com\/wp-content\/uploads\/2025\/04\/The-Cafe-Logo-Final\u2122-Gold-White-150x150.png 150w, https:\/\/valleyviewcasino.com\/wp-content\/uploads\/2025\/04\/The-Cafe-Logo-Final\u2122-Gold-White-768x771.png 768w, https:\/\/valleyviewcasino.com\/wp-content\/uploads\/2025\/04\/The-Cafe-Logo-Final\u2122-Gold-White.png 1117w\" sizes=\"(max-width: 800px) 100vw, 800px\" \/>\t\t\t\t\t\t\t\t\t\t\t\t\t\t\t<\/div>\n\t\t\t\t<\/div>\n\t\t\t\t<div class=\"elementor-element elementor-element-880f9e2 elementor-widget elementor-widget-heading\" data-id=\"880f9e2\" data-element_type=\"widget\" data-widget_type=\"heading.default\">\n\t\t\t\t<div class=\"elementor-widget-container\">\n\t\t\t\t\t<h2 class=\"elementor-heading-title elementor-size-default\">DISFRUTA DE ESPECIALIDADES AMERICANAS Y ASI\u00c1TICAS<\/h2>\t\t\t\t<\/div>\n\t\t\t\t<\/div>\n\t\t\t\t<div class=\"elementor-element elementor-element-92a22fe elementor-widget elementor-widget-text-editor\" data-id=\"92a22fe\" data-element_type=\"widget\" data-widget_type=\"text-editor.default\">\n\t\t\t\t<div class=\"elementor-widget-container\">\n\t\t\t\t\t\t\t\t\t<p>Acomp\u00e1\u00f1anos cualquier d\u00eda de la semana y disfruta de una gran variedad de platillos para desayuno y almuerzo, mientras disfrutas de la vista panor\u00e1mica de las monta\u00f1as Palomar. Empieza tu d\u00eda con un delicioso bistec cl\u00e1sico con huevos, nuestro exclusivo waffle belga y jugo de naranja reci\u00e9n exprimido. Por la tarde, podr\u00e1s disfrutar de nuestras deliciosas ensaladas, s\u00e1ndwiches y platos principales que incluyen nuestra crema de almejas estilo New England o cualquiera de nuestras especialidades de Asia, como pollo estilo Pad Thai y camarones estilo Kung Pao.  <\/p>\t\t\t\t\t\t\t\t<\/div>\n\t\t\t\t<\/div>\n\t\t\t\t<\/div>\n\t\t<div class=\"elementor-element elementor-element-4f1e47d vv-dining-slider__container e-con-full e-flex elementor-invisible e-con e-child\" data-id=\"4f1e47d\" data-element_type=\"container\" data-settings=\"{&quot;animation&quot;:&quot;fadeInRight&quot;,&quot;animation_tablet&quot;:&quot;fadeIn&quot;}\">\n\t\t\t\t<div class=\"elementor-element elementor-element-8780e6a vv_dining__slider elementor-widget-tablet__width-initial elementor-widget elementor-widget-image-carousel\" data-id=\"8780e6a\" data-element_type=\"widget\" data-settings=\"{&quot;slides_to_show&quot;:&quot;1&quot;,&quot;slides_to_show_tablet&quot;:&quot;1&quot;,&quot;navigation&quot;:&quot;none&quot;,&quot;effect&quot;:&quot;fade&quot;,&quot;autoplay_speed&quot;:4000,&quot;autoplay&quot;:&quot;yes&quot;,&quot;pause_on_hover&quot;:&quot;yes&quot;,&quot;pause_on_interaction&quot;:&quot;yes&quot;,&quot;infinite&quot;:&quot;yes&quot;,&quot;speed&quot;:500}\" data-widget_type=\"image-carousel.default\">\n\t\t\t\t<div class=\"elementor-widget-container\">\n\t\t\t\t\t\t\t<div class=\"elementor-image-carousel-wrapper swiper\" role=\"region\" aria-roledescription=\"carousel\" aria-label=\"Cafe Carousel\" dir=\"ltr\">\n\t\t\t<div class=\"elementor-image-carousel swiper-wrapper\" aria-live=\"off\">\n\t\t\t\t\t\t\t\t<div class=\"swiper-slide\" role=\"group\" aria-roledescription=\"slide\" aria-label=\"1 de 6\"><figure class=\"swiper-slide-inner\"><img decoding=\"async\" class=\"swiper-slide-image\" src=\"https:\/\/valleyviewcasino.com\/wp-content\/uploads\/2025\/04\/Salmon.jpg\" alt=\"Salmon\" \/><\/figure><\/div><div class=\"swiper-slide\" role=\"group\" aria-roledescription=\"slide\" aria-label=\"2 de 6\"><figure class=\"swiper-slide-inner\"><img decoding=\"async\" class=\"swiper-slide-image\" src=\"https:\/\/valleyviewcasino.com\/wp-content\/uploads\/2025\/04\/cafe-gallery-2.jpg\" alt=\"Chicken kung pao. Fried chicken pieces with peanuts and peppers. Top view. Flat lay.\" \/><\/figure><\/div><div class=\"swiper-slide\" role=\"group\" aria-roledescription=\"slide\" aria-label=\"3 de 6\"><figure class=\"swiper-slide-inner\"><img decoding=\"async\" class=\"swiper-slide-image\" src=\"https:\/\/valleyviewcasino.com\/wp-content\/uploads\/2025\/04\/Sandwich-Wine_The-Cafe-Flat-2.jpg\" alt=\"Sandwich &amp; Wine_The Cafe Flat\" \/><\/figure><\/div><div class=\"swiper-slide\" role=\"group\" aria-roledescription=\"slide\" aria-label=\"4 de 6\"><figure class=\"swiper-slide-inner\"><img decoding=\"async\" class=\"swiper-slide-image\" src=\"https:\/\/valleyviewcasino.com\/wp-content\/uploads\/2025\/04\/cafe-gallery-e1745007373706.jpg\" alt=\"Pancakes\" \/><\/figure><\/div><div class=\"swiper-slide\" role=\"group\" aria-roledescription=\"slide\" aria-label=\"5 de 6\"><figure class=\"swiper-slide-inner\"><img decoding=\"async\" class=\"swiper-slide-image\" src=\"https:\/\/valleyviewcasino.com\/wp-content\/uploads\/2025\/04\/The-Cafe_Omelet-copy-e1745007353981.jpg\" alt=\"Southwest Omelet on Wood Table\" \/><\/figure><\/div><div class=\"swiper-slide\" role=\"group\" aria-roledescription=\"slide\" aria-label=\"6 de 6\"><figure class=\"swiper-slide-inner\"><img decoding=\"async\" class=\"swiper-slide-image\" src=\"https:\/\/valleyviewcasino.com\/wp-content\/uploads\/2025\/04\/Salmon.jpg\" alt=\"Salmon\" \/><\/figure><\/div>\t\t\t<\/div>\n\t\t\t\t\t\t\t\n\t\t\t\t\t\t\t\t\t<\/div>\n\t\t\t\t\t\t<\/div>\n\t\t\t\t<\/div>\n\t\t\t\t<\/div>\n\t\t\t\t\t<\/div>\n\t\t\t\t<\/div>\n\t\t\t\t<\/div>\n\t\t<div class=\"elementor-element elementor-element-444172b vv_restaurant-info__container e-flex e-con-boxed e-con e-parent\" data-id=\"444172b\" data-element_type=\"container\">\n\t\t\t\t\t<div class=\"e-con-inner\">\n\t\t<div class=\"elementor-element elementor-element-12d704a e-flex e-con-boxed e-con e-child\" data-id=\"12d704a\" data-element_type=\"container\">\n\t\t\t\t\t<div class=\"e-con-inner\">\n\t\t<div class=\"elementor-element elementor-element-e45c664 e-con-full e-flex elementor-invisible e-con e-child\" data-id=\"e45c664\" data-element_type=\"container\" data-settings=\"{&quot;animation&quot;:&quot;fadeInLeft&quot;}\">\n\t\t\t\t<div class=\"elementor-element elementor-element-6495b44 elementor-widget elementor-widget-text-editor\" data-id=\"6495b44\" data-element_type=\"widget\" data-widget_type=\"text-editor.default\">\n\t\t\t\t<div class=\"elementor-widget-container\">\n\t\t\t\t\t\t\t\t\t<h4>Horas<\/h4><p><strong>Abierto 7 d\u00edas a la semana<br><\/strong>7:30am-2:00pm<\/p>\t\t\t\t\t\t\t\t<\/div>\n\t\t\t\t<\/div>\n\t\t\t\t<\/div>\n\t\t<div class=\"elementor-element elementor-element-288ce11 e-con-full e-flex elementor-invisible e-con e-child\" data-id=\"288ce11\" data-element_type=\"container\" data-settings=\"{&quot;animation&quot;:&quot;fadeInRight&quot;}\">\n\t\t\t\t<div class=\"elementor-element elementor-element-a88602a elementor-widget elementor-widget-text-editor\" data-id=\"a88602a\" data-element_type=\"widget\" data-widget_type=\"text-editor.default\">\n\t\t\t\t<div class=\"elementor-widget-container\">\n\t\t\t\t\t\t\t\t\t<h4>Cocina<\/h4><p>Americano y Asi\u00e1tico<\/p>\t\t\t\t\t\t\t\t<\/div>\n\t\t\t\t<\/div>\n\t\t<div class=\"elementor-element elementor-element-10adf3f e-con-full e-flex e-con e-child\" data-id=\"10adf3f\" data-element_type=\"container\">\n\t\t\t\t<div class=\"elementor-element elementor-element-e1c8fb9 elementor-align-center elementor-widget elementor-widget-button\" data-id=\"e1c8fb9\" data-element_type=\"widget\" data-widget_type=\"button.default\">\n\t\t\t\t<div class=\"elementor-widget-container\">\n\t\t\t\t\t\t\t\t\t<div class=\"elementor-button-wrapper\">\n\t\t\t\t\t<a class=\"elementor-button elementor-button-link elementor-size-sm\" href=\"https:\/\/valleyviewcasino.com\/wp-content\/uploads\/2025\/09\/cafe-menu-090825.jpg\">\n\t\t\t\t\t\t<span class=\"elementor-button-content-wrapper\">\n\t\t\t\t\t\t\t\t\t<span class=\"elementor-button-text\">Ver Men\u00fa<\/span>\n\t\t\t\t\t<\/span>\n\t\t\t\t\t<\/a>\n\t\t\t\t<\/div>\n\t\t\t\t\t\t\t\t<\/div>\n\t\t\t\t<\/div>\n\t\t\t\t<div class=\"elementor-element elementor-element-73284b0 elementor-align-center elementor-widget elementor-widget-button\" data-id=\"73284b0\" data-element_type=\"widget\" data-widget_type=\"button.default\">\n\t\t\t\t<div class=\"elementor-widget-container\">\n\t\t\t\t\t\t\t\t\t<div class=\"elementor-button-wrapper\">\n\t\t\t\t\t<a class=\"elementor-button elementor-button-link elementor-size-sm\" href=\"https:\/\/valleyviewcasino.com\/wp-content\/uploads\/2025\/10\/thecafe-togo-101325-scaled.jpg\">\n\t\t\t\t\t\t<span class=\"elementor-button-content-wrapper\">\n\t\t\t\t\t\t\t\t\t<span class=\"elementor-button-text\">Men\u00fa para llevar<\/span>\n\t\t\t\t\t<\/span>\n\t\t\t\t\t<\/a>\n\t\t\t\t<\/div>\n\t\t\t\t\t\t\t\t<\/div>\n\t\t\t\t<\/div>\n\t\t\t\t<\/div>\n\t\t\t\t<\/div>\n\t\t\t\t\t<\/div>\n\t\t\t\t<\/div>\n\t\t\t\t\t<\/div>\n\t\t\t\t<\/div>\n\t\t\t\t<\/div>\n\t\t","protected":false},"excerpt":{"rendered":"<p>DISFRUTA DE ESPECIALIDADES AMERICANAS Y ASI\u00c1TICAS Acomp\u00e1\u00f1anos cualquier d\u00eda de la semana y disfruta de una gran variedad de platillos para desayuno y almuerzo, mientras disfrutas de la vista panor\u00e1mica [&hellip;]<\/p>\n","protected":false},"author":2,"featured_media":4275,"parent":4455,"menu_order":0,"comment_status":"closed","ping_status":"closed","template":"","meta":{"_acf_changed":false,"inline_featured_image":false,"footnotes":""},"class_list":["post-4461","page","type-page","status-publish","has-post-thumbnail","hentry"],"acf":[],"_links":{"self":[{"href":"https:\/\/valleyviewcasino.com\/es\/wp-json\/wp\/v2\/pages\/4461","targetHints":{"allow":["GET"]}}],"collection":[{"href":"https:\/\/valleyviewcasino.com\/es\/wp-json\/wp\/v2\/pages"}],"about":[{"href":"https:\/\/valleyviewcasino.com\/es\/wp-json\/wp\/v2\/types\/page"}],"author":[{"embeddable":true,"href":"https:\/\/valleyviewcasino.com\/es\/wp-json\/wp\/v2\/users\/2"}],"replies":[{"embeddable":true,"href":"https:\/\/valleyviewcasino.com\/es\/wp-json\/wp\/v2\/comments?post=4461"}],"version-history":[{"count":15,"href":"https:\/\/valleyviewcasino.com\/es\/wp-json\/wp\/v2\/pages\/4461\/revisions"}],"predecessor-version":[{"id":11430,"href":"https:\/\/valleyviewcasino.com\/es\/wp-json\/wp\/v2\/pages\/4461\/revisions\/11430"}],"up":[{"embeddable":true,"href":"https:\/\/valleyviewcasino.com\/es\/wp-json\/wp\/v2\/pages\/4455"}],"wp:featuredmedia":[{"embeddable":true,"href":"https:\/\/valleyviewcasino.com\/es\/wp-json\/wp\/v2\/media\/4275"}],"wp:attachment":[{"href":"https:\/\/valleyviewcasino.com\/es\/wp-json\/wp\/v2\/media?parent=4461"}],"curies":[{"name":"wp","href":"https:\/\/api.w.org\/{rel}","templated":true}]}}