{"id":11853,"date":"2026-02-11T22:43:57","date_gmt":"2026-02-12T06:43:57","guid":{"rendered":"https:\/\/valleyviewcasino.com\/?page_id=11853"},"modified":"2026-02-11T22:43:59","modified_gmt":"2026-02-12T06:43:59","slug":"club-de-jugadores-popup","status":"publish","type":"page","link":"https:\/\/valleyviewcasino.com\/es\/el-club\/club-de-jugadores-popup\/","title":{"rendered":"Club de jugadores &#8211; popup"},"content":{"rendered":"<h2>LA AFILIACI\u00d3N DEFINITIVA AL CLUB DE JUGADORES DEL CASINO VALLEY VIEW<\/h2>\n<p>Valley View Casino &amp; Hotel le ofrece una nueva y emocionante oferta para nuestros invitados que se registren en El Club de Jugadores m\u00e1s generoso de San Diego. Ahora, al ser parte de El Club de Jugadores, recibir\u00e1 m\u00e1s de $200 en incentivos gratis. <\/p>\n<p>Adem\u00e1s, descubrir\u00e1s r\u00e1pidamente que cuanto m\u00e1s utilices tu tarjeta del Club de Jugadores, m\u00e1s recompensas ganar\u00e1s, como <a href=\"https:\/\/valleyviewcasino.com\/es\/los-restaurantes\/\">cenas<\/a> gratuitas en el casino en nuestros galardonados restaurantes, invitaciones a eventos VIP, estancias gratuitas <a href=\"https:\/\/valleyviewcasino.com\/es\/hotel\/\">en hoteles<\/a> y mucho m\u00e1s.<\/p>\n<p>As\u00ed que, convi\u00e9rtase hoy en miembro del Club de Jugadores del <a href=\"https:\/\/valleyviewcasino.com\/es\/casino\/\">casino<\/a> m\u00e1s generoso de San Diego. Registrarse es siempre r\u00e1pido, f\u00e1cil y completamente gratis. <\/p>\n<p>\t\t\t\t\t<a href=\"https:\/\/valleyviewcasino.com\/wp-content\/uploads\/2025\/12\/VVC_Rewards-Brochure_2026.pdf\"><br \/>\n\t\t\t\t\t\t\t\t\tDescargue el Folleto de Membres\u00eda de El Club de Jugadores<br \/>\n\t\t\t\t\t<\/a><br \/>\n\t\t\t\t\t\t\t\t\t\t\t\t\t\t\t<img fetchpriority=\"high\" decoding=\"async\" width=\"800\" height=\"534\" src=\"https:\/\/valleyviewcasino.com\/wp-content\/uploads\/2025\/04\/Players-Club-1024x683.jpg\" alt=\"\" srcset=\"https:\/\/valleyviewcasino.com\/wp-content\/uploads\/2025\/04\/Players-Club-1024x683.jpg 1024w, https:\/\/valleyviewcasino.com\/wp-content\/uploads\/2025\/04\/Players-Club-300x200.jpg 300w, https:\/\/valleyviewcasino.com\/wp-content\/uploads\/2025\/04\/Players-Club-768x512.jpg 768w, https:\/\/valleyviewcasino.com\/wp-content\/uploads\/2025\/04\/Players-Club-1536x1024.jpg 1536w, https:\/\/valleyviewcasino.com\/wp-content\/uploads\/2025\/04\/Players-Club-2048x1365.jpg 2048w\" sizes=\"(max-width: 800px) 100vw, 800px\" \/><br \/>\n\t\t\t\t\t\t\t\t\t\t\t\t\t\t\t<img decoding=\"async\" width=\"402\" height=\"290\" src=\"https:\/\/valleyviewcasino.com\/wp-content\/uploads\/2024\/12\/vv-card-red.png\" alt=\"Red Valley View Casino Players Club card, part of the casino&#039;s loyalty program, with a bold red design and logo.\" srcset=\"https:\/\/valleyviewcasino.com\/wp-content\/uploads\/2024\/12\/vv-card-red.png 402w, https:\/\/valleyviewcasino.com\/wp-content\/uploads\/2024\/12\/vv-card-red-300x216.png 300w\" sizes=\"(max-width: 402px) 100vw, 402px\" \/>\t\t\t\t\t\t\t\t\t\t\t\t\t\t\t<\/p>\n<h3>200-1.999 Puntos de nivel<\/h3>\n<h2>Beneficios de la Tarjeta Roja<\/h2>\n<ul>\n<li>Al Registrarse Recibir\u00e1 m\u00e1s de $200 en Incentivos Gratis<\/li>\n<li>5 Veces m\u00e1s en Boletos para Nuestros Sorteos<\/li>\n<li>Camiseta Coleccionable Complementaria Cada Mes<\/li>\n<li>Gane Puntos por Lealtad<\/li>\n<li>Gane Boletos para Sorteos<\/li>\n<li>Gane MOREPLAY<sup>\u00ae<\/sup> (Es Juego Gratis en las <a href=\"https:\/\/valleyviewcasino.com\/es\/casino\/tragaperras-y-juegos-de-mesa\/\">M\u00e1quinas<\/a>)<strong>*<\/strong><\/li>\n<li>Estacionamiento de Valet de Cortes\u00eda<\/li>\n<li>Membres\u00eda VIP para Nuestro Club de Correo Electr\u00f3nico<\/li>\n<li>Estaciones de Bebidas en Todo el <a href=\"https:\/\/valleyviewcasino.com\/es\/casino\/\">Casino<\/a><\/li>\n<li>Aparcamiento cubierto gratuito<\/li>\n<li>Cambio de Cheques Complementario<\/li>\n<li>Estaciones para Recargar Veh\u00edculos El\u00e9ctricos Gratis Complementarios<\/li>\n<li>Revista Mensual<strong>*<\/strong><\/li>\n<li>Regalos del Mes<strong>*<\/strong><\/li>\n<li>Ofertas Exclusivas en Cumplea\u00f1os<strong>*<\/strong><\/li>\n<li>Invitaciones para <a href=\"https:\/\/valleyviewcasino.com\/es\/promociones\/\">Promociones<\/a> del Casino<strong>*<\/strong><\/li>\n<\/ul>\n<p><em>*Basado en Nivel de Juego<\/em><\/p>\n<p>\t\t\t\t\t\t\t\t\t\t\t\t\t\t\t<img decoding=\"async\" width=\"402\" height=\"290\" src=\"https:\/\/valleyviewcasino.com\/wp-content\/uploads\/2024\/12\/vv-card-sapphire.png\" alt=\"Sapphire Valley View Casino Players Club card featuring the casino&#039;s logo and a deep blue, gem-like design.\" srcset=\"https:\/\/valleyviewcasino.com\/wp-content\/uploads\/2024\/12\/vv-card-sapphire.png 402w, https:\/\/valleyviewcasino.com\/wp-content\/uploads\/2024\/12\/vv-card-sapphire-300x216.png 300w\" sizes=\"(max-width: 402px) 100vw, 402px\" \/>\t\t\t\t\t\t\t\t\t\t\t\t\t\t\t<\/p>\n<h3>2,000-3,999 Puntos<\/h3>\n<h2>Beneficios de la Tarjeta Azul<\/h2>\n<p>Disfrute todos los beneficios de la tarjeta Roja m\u00e1s lo siguiente:<\/p>\n<ul>\n<li>10 Veces m\u00e1s en Boletos para Nuestros Sorteos<\/li>\n<li>Buffets de Langosta de Maine de Cortes\u00eda o Cr\u00e9ditos para <a href=\"https:\/\/valleyviewcasino.com\/es\/los-restaurantes\/\">Alimentos<\/a><\/li>\n<li>Revista Mensual<\/li>\n<li>Regalos del Mes<\/li>\n<li>Ofertas Exclusivas en Cumplea\u00f1os<\/li>\n<li>Invitaciones para <a href=\"https:\/\/valleyviewcasino.com\/es\/promociones\/\">Promociones<\/a> del Casino<strong>*<\/strong><\/li>\n<li>Invitaciones para Eventos Especiales<strong>*<\/strong><\/li>\n<\/ul>\n<p><em>*Basado en Nivel de Juego<\/em><\/p>\n<p>\t\t\t\t\t\t\t\t\t\t\t\t\t\t\t<img loading=\"lazy\" decoding=\"async\" width=\"402\" height=\"290\" src=\"https:\/\/valleyviewcasino.com\/wp-content\/uploads\/2024\/12\/vv-card-silver.png\" alt=\"Silver Valley View Casino Players Club card featuring the casino&#039;s logo and silver card design with a metallic texture\" srcset=\"https:\/\/valleyviewcasino.com\/wp-content\/uploads\/2024\/12\/vv-card-silver.png 402w, https:\/\/valleyviewcasino.com\/wp-content\/uploads\/2024\/12\/vv-card-silver-300x216.png 300w\" sizes=\"(max-width: 402px) 100vw, 402px\" \/>\t\t\t\t\t\t\t\t\t\t\t\t\t\t\t<\/p>\n<h3>4,000-5,999 Puntos<\/h3>\n<h2>Beneficios de la Tarjeta Plateada<\/h2>\n<p>Disfrute todos los beneficios de la tarjeta Azul m\u00e1s lo siguiente:<\/p>\n<ul>\n<li>15 Veces m\u00e1s en Boletos para Nuestros Sorteos<\/li>\n<li>Invitaciones para <a href=\"https:\/\/valleyviewcasino.com\/es\/promociones\/\">Promociones<\/a> del Casino<\/li>\n<li>Invitaciones para Eventos Especiales<\/li>\n<li>Ofertas en el <a href=\"https:\/\/valleyviewcasino.com\/es\/hotel\/\">Hotel<\/a><strong>*<\/strong><\/li>\n<\/ul>\n<p><em><strong>*<\/strong>Basado en Nivel de Juego<\/em><\/p>\n<p>\t\t\t\t\t\t\t\t\t\t\t\t\t\t\t<img loading=\"lazy\" decoding=\"async\" width=\"402\" height=\"290\" src=\"https:\/\/valleyviewcasino.com\/wp-content\/uploads\/2024\/12\/vv-card-gold.png\" alt=\"\" srcset=\"https:\/\/valleyviewcasino.com\/wp-content\/uploads\/2024\/12\/vv-card-gold.png 402w, https:\/\/valleyviewcasino.com\/wp-content\/uploads\/2024\/12\/vv-card-gold-300x216.png 300w\" sizes=\"(max-width: 402px) 100vw, 402px\" \/>\t\t\t\t\t\t\t\t\t\t\t\t\t\t\t<\/p>\n<h3>6,000-19,999 Puntos<\/h3>\n<h2>Beneficios de la Tarjeta Dorada<\/h2>\n<p>Disfrute todos los beneficios de la tarjeta Plateada m\u00e1s lo siguiente:<\/p>\n<ul>\n<li>20 Veces m\u00e1s en Boletos para Nuestros Sorteos<\/li>\n<li>Ofertas en el <a href=\"https:\/\/valleyviewcasino.com\/es\/hotel\/\">Hotel<\/a><strong>*<\/strong><\/li>\n<li>Acceso al Sal\u00f3n VIP<\/li>\n<li>Acceso a un Anfitri\u00f3n del <a href=\"https:\/\/valleyviewcasino.com\/es\/casino\/anfitriones-del-casino\/\">Casino<\/a><\/li>\n<li>Privilegios Exclusivos Para el Estacionamiento VIP<strong>*<\/strong><\/li>\n<\/ul>\n<p><em><strong>*<\/strong>Basado en Nivel de Juego<\/em><\/p>\n<p>\t\t\t\t\t\t\t\t\t\t\t\t\t\t\t<img loading=\"lazy\" decoding=\"async\" width=\"402\" height=\"290\" src=\"https:\/\/valleyviewcasino.com\/wp-content\/uploads\/2024\/12\/vv-card-black.png\" alt=\"Black Valley View Casino Players Club card featuring the casino&#039;s logo and sleek, minimalist black design.\" srcset=\"https:\/\/valleyviewcasino.com\/wp-content\/uploads\/2024\/12\/vv-card-black.png 402w, https:\/\/valleyviewcasino.com\/wp-content\/uploads\/2024\/12\/vv-card-black-300x216.png 300w\" sizes=\"(max-width: 402px) 100vw, 402px\" \/>\t\t\t\t\t\t\t\t\t\t\t\t\t\t\t<\/p>\n<h3>20,000+ Puntos<\/h3>\n<h2>Beneficios de la Tarjeta Negra<\/h2>\n<p>Disfrute todos los beneficios de la tarjeta Dorada m\u00e1s lo siguiente:<\/p>\n<ul>\n<li>25 Veces m\u00e1s en Boletos para Nuestros Sorteos<\/li>\n<li>Privilegios Exclusivos para el Estacionamiento VIP<\/li>\n<li>Asientos VIP Prioritarios en Todos los <a href=\"https:\/\/valleyviewcasino.com\/es\/los-restaurantes\/\">Restaurantes<\/a><\/li>\n<li>MOREPLAY<sup>\u00ae<\/sup> Adicional Exclusivo<\/li>\n<li>Anfitri\u00f3n Exclusivo del <a href=\"https:\/\/valleyviewcasino.com\/es\/casino\/anfitriones-del-casino\/\">Casino<\/a><\/li>\n<li>Transporte VIP<\/li>\n<\/ul>\n","protected":false},"excerpt":{"rendered":"<p>LA AFILIACI\u00d3N DEFINITIVA AL CLUB DE JUGADORES DEL CASINO VALLEY VIEW Valley View Casino &amp; Hotel le ofrece una nueva y emocionante oferta para nuestros invitados que se registren en [&hellip;]<\/p>\n","protected":false},"author":11,"featured_media":0,"parent":4554,"menu_order":0,"comment_status":"closed","ping_status":"closed","template":"","meta":{"_acf_changed":false,"inline_featured_image":false,"footnotes":""},"class_list":["post-11853","page","type-page","status-publish","hentry"],"acf":[],"_links":{"self":[{"href":"https:\/\/valleyviewcasino.com\/es\/wp-json\/wp\/v2\/pages\/11853","targetHints":{"allow":["GET"]}}],"collection":[{"href":"https:\/\/valleyviewcasino.com\/es\/wp-json\/wp\/v2\/pages"}],"about":[{"href":"https:\/\/valleyviewcasino.com\/es\/wp-json\/wp\/v2\/types\/page"}],"author":[{"embeddable":true,"href":"https:\/\/valleyviewcasino.com\/es\/wp-json\/wp\/v2\/users\/11"}],"replies":[{"embeddable":true,"href":"https:\/\/valleyviewcasino.com\/es\/wp-json\/wp\/v2\/comments?post=11853"}],"version-history":[{"count":1,"href":"https:\/\/valleyviewcasino.com\/es\/wp-json\/wp\/v2\/pages\/11853\/revisions"}],"predecessor-version":[{"id":11854,"href":"https:\/\/valleyviewcasino.com\/es\/wp-json\/wp\/v2\/pages\/11853\/revisions\/11854"}],"up":[{"embeddable":true,"href":"https:\/\/valleyviewcasino.com\/es\/wp-json\/wp\/v2\/pages\/4554"}],"wp:attachment":[{"href":"https:\/\/valleyviewcasino.com\/es\/wp-json\/wp\/v2\/media?parent=11853"}],"curies":[{"name":"wp","href":"https:\/\/api.w.org\/{rel}","templated":true}]}}